{"id":3102,"date":"2025-05-20T14:12:02","date_gmt":"2025-05-20T14:12:02","guid":{"rendered":"https:\/\/jeco-energies.com\/?page_id=3102"},"modified":"2026-04-20T11:47:21","modified_gmt":"2026-04-20T11:47:21","slug":"merci","status":"publish","type":"page","link":"https:\/\/jeco-energies.com\/fr\/merci\/","title":{"rendered":"Contact Succ\u00e8s"},"content":{"rendered":"\t\t<div data-elementor-type=\"wp-page\" data-elementor-id=\"3102\" class=\"elementor elementor-3102 elementor-3100\" data-elementor-post-type=\"page\">\n\t\t\t\t<div class=\"elementor-element elementor-element-1aba8e9 e-flex e-con-boxed e-con e-parent\" data-id=\"1aba8e9\" data-element_type=\"container\" data-e-type=\"container\" data-settings=\"{&quot;background_background&quot;:&quot;classic&quot;,&quot;background_motion_fx_motion_fx_scrolling&quot;:&quot;yes&quot;,&quot;background_motion_fx_translateY_effect&quot;:&quot;yes&quot;,&quot;background_motion_fx_translateY_speed&quot;:{&quot;unit&quot;:&quot;px&quot;,&quot;size&quot;:2.4,&quot;sizes&quot;:[]},&quot;background_motion_fx_translateY_affectedRange&quot;:{&quot;unit&quot;:&quot;%&quot;,&quot;size&quot;:&quot;&quot;,&quot;sizes&quot;:{&quot;start&quot;:0,&quot;end&quot;:100}},&quot;background_motion_fx_devices&quot;:[&quot;desktop&quot;,&quot;tablet&quot;,&quot;mobile&quot;]}\">\n\t\t\t\t\t<div class=\"e-con-inner\">\n\t\t<div class=\"elementor-element elementor-element-fbe4faa e-con-full e-flex e-con e-child\" data-id=\"fbe4faa\" data-element_type=\"container\" data-e-type=\"container\">\n\t\t\t\t<div class=\"elementor-element elementor-element-bb0e151 elementor-align-left elementor-widget elementor-widget-lottie\" data-id=\"bb0e151\" data-element_type=\"widget\" data-e-type=\"widget\" data-settings=\"{&quot;source&quot;:&quot;external_url&quot;,&quot;source_external_url&quot;:{&quot;url&quot;:&quot;https:\\\/\\\/app.lottiefiles.com\\\/share\\\/2b02536e-d664-4717-b582-569c808b4b3f&quot;,&quot;is_external&quot;:&quot;&quot;,&quot;nofollow&quot;:&quot;&quot;,&quot;custom_attributes&quot;:&quot;&quot;},&quot;link_to&quot;:&quot;none&quot;,&quot;trigger&quot;:&quot;arriving_to_viewport&quot;,&quot;viewport&quot;:{&quot;unit&quot;:&quot;%&quot;,&quot;size&quot;:&quot;&quot;,&quot;sizes&quot;:{&quot;start&quot;:0,&quot;end&quot;:100}},&quot;play_speed&quot;:{&quot;unit&quot;:&quot;px&quot;,&quot;size&quot;:1,&quot;sizes&quot;:[]},&quot;start_point&quot;:{&quot;unit&quot;:&quot;%&quot;,&quot;size&quot;:0,&quot;sizes&quot;:[]},&quot;end_point&quot;:{&quot;unit&quot;:&quot;%&quot;,&quot;size&quot;:100,&quot;sizes&quot;:[]},&quot;renderer&quot;:&quot;svg&quot;}\" data-widget_type=\"lottie.default\">\n\t\t\t\t<div class=\"elementor-widget-container\">\n\t\t\t\t\t<div class=\"e-lottie__container\"><div class=\"e-lottie__animation\"><\/div><\/div>\t\t\t\t<\/div>\n\t\t\t\t<\/div>\n\t\t\t\t<div class=\"elementor-element elementor-element-6fc08e1 elementor-widget elementor-widget-heading\" data-id=\"6fc08e1\" data-element_type=\"widget\" data-e-type=\"widget\" data-widget_type=\"heading.default\">\n\t\t\t\t<div class=\"elementor-widget-container\">\n\t\t\t\t\t<h1 class=\"elementor-heading-title elementor-size-default\">Merci pour votre message !<\/h1>\t\t\t\t<\/div>\n\t\t\t\t<\/div>\n\t\t\t\t<div class=\"elementor-element elementor-element-f527e43 elementor-widget elementor-widget-text-editor\" data-id=\"f527e43\" data-element_type=\"widget\" data-e-type=\"widget\" data-widget_type=\"text-editor.default\">\n\t\t\t\t<div class=\"elementor-widget-container\">\n\t\t\t\t\t\t\t\t\t<p>Hartelijk excellent pour votre contactaanvraag.<br data-start=\"202\" data-end=\"205\">Nous vous conseillons de vous adresser \u00e0 nous en nemen zo spoedig mogelijk contact met u op.&nbsp;<\/p>\t\t\t\t\t\t\t\t<\/div>\n\t\t\t\t<\/div>\n\t\t\t\t<div class=\"elementor-element elementor-element-d44d4fa elementor-widget elementor-widget-text-editor\" data-id=\"d44d4fa\" data-element_type=\"widget\" data-e-type=\"widget\" data-widget_type=\"text-editor.default\">\n\t\t\t\t<div class=\"elementor-widget-container\">\n\t\t\t\t\t\t\t\t\t<p data-start=\"289\" data-end=\"584\">Chez <strong data-start=\"293\" data-end=\"310\">Jeco Energies, <\/strong>la fiabilit\u00e9, la s\u00e9curit\u00e9 et l&rsquo;expertise technique sont primordiales. Qu&rsquo;il s&rsquo;agisse d&rsquo;installations haute tension, d&rsquo;applications moyenne tension ou d&rsquo;ing\u00e9nierie \u00e9lectrique complexe, notre \u00e9quipe d&rsquo;experts est pr\u00eate \u00e0 vous accompagner avec des solutions r\u00e9fl\u00e9chies et durables. <\/p><p data-start=\"586\" data-end=\"794\">Avez-vous des questions entre-temps ? N\u2019h\u00e9sitez pas \u00e0 nous contacter par t\u00e9l\u00e9phone au <a rel=\"noopener\" data-start=\"669\" data-end=\"710\"><strong data-start=\"670\" data-end=\"692\">+32 (0)3 827 34 22<\/strong><\/a> ou par courriel \u00e0 <strong data-start=\"735\" data-end=\"761\"><a class=\"cursor-pointer\" rel=\"noopener\" data-start=\"734\" data-end=\"793\">info@jeco-energies.com.<\/a><\/strong> <\/p><p data-start=\"796\" data-end=\"842\">Nous nous r\u00e9jouissons de travailler avec vous.<\/p>\t\t\t\t\t\t\t\t<\/div>\n\t\t\t\t<\/div>\n\t\t\t\t<div class=\"elementor-element elementor-element-bf2a73f elementor-widget elementor-widget-button\" data-id=\"bf2a73f\" data-element_type=\"widget\" data-e-type=\"widget\" data-widget_type=\"button.default\">\n\t\t\t\t<div class=\"elementor-widget-container\">\n\t\t\t\t\t\t\t\t\t<div class=\"elementor-button-wrapper\">\n\t\t\t\t\t<a class=\"elementor-button elementor-button-link elementor-size-sm\" href=\"https:\/\/jeco-energies.com\/fr\/\">\n\t\t\t\t\t\t<span class=\"elementor-button-content-wrapper\">\n\t\t\t\t\t\t<span class=\"elementor-button-icon\">\n\t\t\t\t<svg aria-hidden=\"true\" class=\"e-font-icon-svg e-fas-chevron-right\" viewBox=\"0 0 320 512\" xmlns=\"http:\/\/www.w3.org\/2000\/svg\"><path d=\"M285.476 272.971L91.132 467.314c-9.373 9.373-24.569 9.373-33.941 0l-22.667-22.667c-9.357-9.357-9.375-24.522-.04-33.901L188.505 256 34.484 101.255c-9.335-9.379-9.317-24.544.04-33.901l22.667-22.667c9.373-9.373 24.569-9.373 33.941 0L285.475 239.03c9.373 9.372 9.373 24.568.001 33.941z\"><\/path><\/svg>\t\t\t<\/span>\n\t\t\t\t\t\t\t\t\t<span class=\"elementor-button-text\">Ramenez-moi \u00e0 la page d'acceuil<\/span>\n\t\t\t\t\t<\/span>\n\t\t\t\t\t<\/a>\n\t\t\t\t<\/div>\n\t\t\t\t\t\t\t\t<\/div>\n\t\t\t\t<\/div>\n\t\t\t\t<\/div>\n\t\t\t\t\t<\/div>\n\t\t\t\t<\/div>\n\t\t\t\t<\/div>\n\t\t","protected":false},"excerpt":{"rendered":"<p>Merci pour votre message ! Hartelijk excellent pour votre contactaanvraag.Nous vous conseillons de vous adresser \u00e0 nous en nemen zo spoedig mogelijk contact met u op.&nbsp; Chez Jeco Energies, la fiabilit\u00e9, la s\u00e9curit\u00e9 et l&rsquo;expertise technique sont primordiales. Qu&rsquo;il s&rsquo;agisse d&rsquo;installations haute tension, d&rsquo;applications moyenne tension ou d&rsquo;ing\u00e9nierie \u00e9lectrique complexe, notre \u00e9quipe d&rsquo;experts est pr\u00eate [&hellip;]<\/p>\n","protected":false},"author":1,"featured_media":0,"parent":0,"menu_order":0,"comment_status":"closed","ping_status":"closed","template":"elementor_header_footer","meta":{"_acf_changed":false,"content-type":"","footnotes":""},"class_list":["post-3102","page","type-page","status-publish","hentry"],"acf":[],"yoast_head":"<!-- This site is optimized with the Yoast SEO plugin v27.4 - https:\/\/yoast.com\/product\/yoast-seo-wordpress\/ -->\n<title>Contact Succ\u00e8s &#8211; Jeco Energies<\/title>\n<meta name=\"robots\" content=\"index, follow, max-snippet:-1, max-image-preview:large, max-video-preview:-1\" \/>\n<link rel=\"canonical\" href=\"https:\/\/jeco-energies.com\/fr\/merci\/\" \/>\n<meta property=\"og:locale\" content=\"fr_FR\" \/>\n<meta property=\"og:type\" content=\"article\" \/>\n<meta property=\"og:title\" content=\"Contact Succ\u00e8s &#8211; Jeco Energies\" \/>\n<meta property=\"og:description\" content=\"Merci pour votre message ! Hartelijk excellent pour votre contactaanvraag.Nous vous conseillons de vous adresser \u00e0 nous en nemen zo spoedig mogelijk contact met u op.&nbsp; Chez Jeco Energies, la fiabilit\u00e9, la s\u00e9curit\u00e9 et l&rsquo;expertise technique sont primordiales. Qu&rsquo;il s&rsquo;agisse d&rsquo;installations haute tension, d&rsquo;applications moyenne tension ou d&rsquo;ing\u00e9nierie \u00e9lectrique complexe, notre \u00e9quipe d&rsquo;experts est pr\u00eate [&hellip;]\" \/>\n<meta property=\"og:url\" content=\"https:\/\/jeco-energies.com\/fr\/merci\/\" \/>\n<meta property=\"og:site_name\" content=\"Jeco Energies\" \/>\n<meta property=\"article:modified_time\" content=\"2026-04-20T11:47:21+00:00\" \/>\n<meta property=\"og:image\" content=\"https:\/\/jeco-energies.com\/wp-content\/uploads\/2025\/05\/Featured-Global.jpg\" \/>\n\t<meta property=\"og:image:width\" content=\"1200\" \/>\n\t<meta property=\"og:image:height\" content=\"630\" \/>\n\t<meta property=\"og:image:type\" content=\"image\/jpeg\" \/>\n<meta name=\"twitter:card\" content=\"summary_large_image\" \/>\n<meta name=\"twitter:label1\" content=\"Dur\u00e9e de lecture estim\u00e9e\" \/>\n\t<meta name=\"twitter:data1\" content=\"1 minute\" \/>\n<script type=\"application\/ld+json\" class=\"yoast-schema-graph\">{\"@context\":\"https:\\\/\\\/schema.org\",\"@graph\":[{\"@type\":\"WebPage\",\"@id\":\"https:\\\/\\\/jeco-energies.com\\\/fr\\\/merci\\\/\",\"url\":\"https:\\\/\\\/jeco-energies.com\\\/fr\\\/merci\\\/\",\"name\":\"Contact Succ\u00e8s &#8211; Jeco Energies\",\"isPartOf\":{\"@id\":\"https:\\\/\\\/jeco-energies.com\\\/fr\\\/#website\"},\"datePublished\":\"2025-05-20T14:12:02+00:00\",\"dateModified\":\"2026-04-20T11:47:21+00:00\",\"breadcrumb\":{\"@id\":\"https:\\\/\\\/jeco-energies.com\\\/fr\\\/merci\\\/#breadcrumb\"},\"inLanguage\":\"fr-FR\",\"potentialAction\":[{\"@type\":\"ReadAction\",\"target\":[\"https:\\\/\\\/jeco-energies.com\\\/fr\\\/merci\\\/\"]}]},{\"@type\":\"BreadcrumbList\",\"@id\":\"https:\\\/\\\/jeco-energies.com\\\/fr\\\/merci\\\/#breadcrumb\",\"itemListElement\":[{\"@type\":\"ListItem\",\"position\":1,\"name\":\"Home\",\"item\":\"https:\\\/\\\/jeco-energies.com\\\/fr\\\/page-daccueil\\\/\"},{\"@type\":\"ListItem\",\"position\":2,\"name\":\"Contact Succ\u00e8s\"}]},{\"@type\":\"WebSite\",\"@id\":\"https:\\\/\\\/jeco-energies.com\\\/fr\\\/#website\",\"url\":\"https:\\\/\\\/jeco-energies.com\\\/fr\\\/\",\"name\":\"Jeco Energies\",\"description\":\"When Power Becomes Smart\",\"publisher\":{\"@id\":\"https:\\\/\\\/jeco-energies.com\\\/fr\\\/#organization\"},\"potentialAction\":[{\"@type\":\"SearchAction\",\"target\":{\"@type\":\"EntryPoint\",\"urlTemplate\":\"https:\\\/\\\/jeco-energies.com\\\/fr\\\/?s={search_term_string}\"},\"query-input\":{\"@type\":\"PropertyValueSpecification\",\"valueRequired\":true,\"valueName\":\"search_term_string\"}}],\"inLanguage\":\"fr-FR\"},{\"@type\":\"Organization\",\"@id\":\"https:\\\/\\\/jeco-energies.com\\\/fr\\\/#organization\",\"name\":\"Jeco Energies\",\"alternateName\":\"Jeco\",\"url\":\"https:\\\/\\\/jeco-energies.com\\\/fr\\\/\",\"logo\":{\"@type\":\"ImageObject\",\"inLanguage\":\"fr-FR\",\"@id\":\"https:\\\/\\\/jeco-energies.com\\\/fr\\\/#\\\/schema\\\/logo\\\/image\\\/\",\"url\":\"https:\\\/\\\/jeco-energies.com\\\/wp-content\\\/uploads\\\/2024\\\/04\\\/Logo_Jeco_Web.png\",\"contentUrl\":\"https:\\\/\\\/jeco-energies.com\\\/wp-content\\\/uploads\\\/2024\\\/04\\\/Logo_Jeco_Web.png\",\"width\":339,\"height\":136,\"caption\":\"Jeco Energies\"},\"image\":{\"@id\":\"https:\\\/\\\/jeco-energies.com\\\/fr\\\/#\\\/schema\\\/logo\\\/image\\\/\"}}]}<\/script>\n<!-- \/ Yoast SEO plugin. -->","yoast_head_json":{"title":"Contact Succ\u00e8s &#8211; Jeco Energies","robots":{"index":"index","follow":"follow","max-snippet":"max-snippet:-1","max-image-preview":"max-image-preview:large","max-video-preview":"max-video-preview:-1"},"canonical":"https:\/\/jeco-energies.com\/fr\/merci\/","og_locale":"fr_FR","og_type":"article","og_title":"Contact Succ\u00e8s &#8211; Jeco Energies","og_description":"Merci pour votre message ! Hartelijk excellent pour votre contactaanvraag.Nous vous conseillons de vous adresser \u00e0 nous en nemen zo spoedig mogelijk contact met u op.&nbsp; Chez Jeco Energies, la fiabilit\u00e9, la s\u00e9curit\u00e9 et l&rsquo;expertise technique sont primordiales. Qu&rsquo;il s&rsquo;agisse d&rsquo;installations haute tension, d&rsquo;applications moyenne tension ou d&rsquo;ing\u00e9nierie \u00e9lectrique complexe, notre \u00e9quipe d&rsquo;experts est pr\u00eate [&hellip;]","og_url":"https:\/\/jeco-energies.com\/fr\/merci\/","og_site_name":"Jeco Energies","article_modified_time":"2026-04-20T11:47:21+00:00","og_image":[{"width":1200,"height":630,"url":"https:\/\/jeco-energies.com\/wp-content\/uploads\/2025\/05\/Featured-Global.jpg","type":"image\/jpeg"}],"twitter_card":"summary_large_image","twitter_misc":{"Dur\u00e9e de lecture estim\u00e9e":"1 minute"},"schema":{"@context":"https:\/\/schema.org","@graph":[{"@type":"WebPage","@id":"https:\/\/jeco-energies.com\/fr\/merci\/","url":"https:\/\/jeco-energies.com\/fr\/merci\/","name":"Contact Succ\u00e8s &#8211; Jeco Energies","isPartOf":{"@id":"https:\/\/jeco-energies.com\/fr\/#website"},"datePublished":"2025-05-20T14:12:02+00:00","dateModified":"2026-04-20T11:47:21+00:00","breadcrumb":{"@id":"https:\/\/jeco-energies.com\/fr\/merci\/#breadcrumb"},"inLanguage":"fr-FR","potentialAction":[{"@type":"ReadAction","target":["https:\/\/jeco-energies.com\/fr\/merci\/"]}]},{"@type":"BreadcrumbList","@id":"https:\/\/jeco-energies.com\/fr\/merci\/#breadcrumb","itemListElement":[{"@type":"ListItem","position":1,"name":"Home","item":"https:\/\/jeco-energies.com\/fr\/page-daccueil\/"},{"@type":"ListItem","position":2,"name":"Contact Succ\u00e8s"}]},{"@type":"WebSite","@id":"https:\/\/jeco-energies.com\/fr\/#website","url":"https:\/\/jeco-energies.com\/fr\/","name":"Jeco Energies","description":"When Power Becomes Smart","publisher":{"@id":"https:\/\/jeco-energies.com\/fr\/#organization"},"potentialAction":[{"@type":"SearchAction","target":{"@type":"EntryPoint","urlTemplate":"https:\/\/jeco-energies.com\/fr\/?s={search_term_string}"},"query-input":{"@type":"PropertyValueSpecification","valueRequired":true,"valueName":"search_term_string"}}],"inLanguage":"fr-FR"},{"@type":"Organization","@id":"https:\/\/jeco-energies.com\/fr\/#organization","name":"Jeco Energies","alternateName":"Jeco","url":"https:\/\/jeco-energies.com\/fr\/","logo":{"@type":"ImageObject","inLanguage":"fr-FR","@id":"https:\/\/jeco-energies.com\/fr\/#\/schema\/logo\/image\/","url":"https:\/\/jeco-energies.com\/wp-content\/uploads\/2024\/04\/Logo_Jeco_Web.png","contentUrl":"https:\/\/jeco-energies.com\/wp-content\/uploads\/2024\/04\/Logo_Jeco_Web.png","width":339,"height":136,"caption":"Jeco Energies"},"image":{"@id":"https:\/\/jeco-energies.com\/fr\/#\/schema\/logo\/image\/"}}]}},"_links":{"self":[{"href":"https:\/\/jeco-energies.com\/fr\/wp-json\/wp\/v2\/pages\/3102","targetHints":{"allow":["GET"]}}],"collection":[{"href":"https:\/\/jeco-energies.com\/fr\/wp-json\/wp\/v2\/pages"}],"about":[{"href":"https:\/\/jeco-energies.com\/fr\/wp-json\/wp\/v2\/types\/page"}],"author":[{"embeddable":true,"href":"https:\/\/jeco-energies.com\/fr\/wp-json\/wp\/v2\/users\/1"}],"replies":[{"embeddable":true,"href":"https:\/\/jeco-energies.com\/fr\/wp-json\/wp\/v2\/comments?post=3102"}],"version-history":[{"count":2,"href":"https:\/\/jeco-energies.com\/fr\/wp-json\/wp\/v2\/pages\/3102\/revisions"}],"predecessor-version":[{"id":4896,"href":"https:\/\/jeco-energies.com\/fr\/wp-json\/wp\/v2\/pages\/3102\/revisions\/4896"}],"wp:attachment":[{"href":"https:\/\/jeco-energies.com\/fr\/wp-json\/wp\/v2\/media?parent=3102"}],"curies":[{"name":"wp","href":"https:\/\/api.w.org\/{rel}","templated":true}]}}