{"id":2487,"date":"2025-04-18T06:37:11","date_gmt":"2025-04-18T06:37:11","guid":{"rendered":"https:\/\/jeco-energies.com\/actualites\/"},"modified":"2025-11-26T12:09:47","modified_gmt":"2025-11-26T12:09:47","slug":"actualites","status":"publish","type":"page","link":"https:\/\/jeco-energies.com\/fr\/actualites\/","title":{"rendered":"Actualit\u00e9s"},"content":{"rendered":"\t\t<div data-elementor-type=\"wp-page\" data-elementor-id=\"2487\" class=\"elementor elementor-2487 elementor-1968\" data-elementor-post-type=\"page\">\n\t\t\t\t<div class=\"elementor-element elementor-element-1aba8e9 e-flex e-con-boxed e-con e-parent\" data-id=\"1aba8e9\" data-element_type=\"container\" data-e-type=\"container\" data-settings=\"{&quot;background_background&quot;:&quot;classic&quot;,&quot;background_motion_fx_motion_fx_scrolling&quot;:&quot;yes&quot;,&quot;background_motion_fx_translateY_effect&quot;:&quot;yes&quot;,&quot;background_motion_fx_translateY_speed&quot;:{&quot;unit&quot;:&quot;px&quot;,&quot;size&quot;:2.4,&quot;sizes&quot;:[]},&quot;background_motion_fx_translateY_affectedRange&quot;:{&quot;unit&quot;:&quot;%&quot;,&quot;size&quot;:&quot;&quot;,&quot;sizes&quot;:{&quot;start&quot;:0,&quot;end&quot;:100}},&quot;background_motion_fx_devices&quot;:[&quot;desktop&quot;,&quot;tablet&quot;,&quot;mobile&quot;]}\">\n\t\t\t\t\t<div class=\"e-con-inner\">\n\t\t<div class=\"elementor-element elementor-element-fbe4faa e-con-full e-flex e-con e-child\" data-id=\"fbe4faa\" data-element_type=\"container\" data-e-type=\"container\" data-settings=\"{&quot;animation&quot;:&quot;none&quot;}\">\n\t\t\t\t<div class=\"elementor-element elementor-element-6fc08e1 elementor-invisible elementor-widget elementor-widget-heading\" data-id=\"6fc08e1\" data-element_type=\"widget\" data-e-type=\"widget\" data-settings=\"{&quot;_animation&quot;:&quot;slideInUp&quot;,&quot;_animation_delay&quot;:100}\" data-widget_type=\"heading.default\">\n\t\t\t\t<div class=\"elementor-widget-container\">\n\t\t\t\t\t<h1 class=\"elementor-heading-title elementor-size-default\">Actualit\u00e9s<\/h1>\t\t\t\t<\/div>\n\t\t\t\t<\/div>\n\t\t\t\t<div class=\"elementor-element elementor-element-f527e43 elementor-widget elementor-widget-text-editor\" data-id=\"f527e43\" data-element_type=\"widget\" data-e-type=\"widget\" data-widget_type=\"text-editor.default\">\n\t\t\t\t<div class=\"elementor-widget-container\">\n\t\t\t\t\t\t\t\t\t<p>Restez \u00e0 l&rsquo;\u00e9coute de nos derniers d\u00e9veloppements.<\/p>\t\t\t\t\t\t\t\t<\/div>\n\t\t\t\t<\/div>\n\t\t\t\t<\/div>\n\t\t\t\t\t<\/div>\n\t\t\t\t<\/div>\n\t\t<div class=\"elementor-element elementor-element-6cf54f5 e-flex e-con-boxed e-con e-parent\" data-id=\"6cf54f5\" data-element_type=\"container\" data-e-type=\"container\" data-settings=\"{&quot;background_background&quot;:&quot;classic&quot;}\">\n\t\t\t\t\t<div class=\"e-con-inner\">\n\t\t\t\t<div class=\"elementor-element elementor-element-854d4cf elementor-grid-4 elementor-grid-tablet-2 elementor-grid-mobile-1 elementor-posts--thumbnail-top elementor-widget elementor-widget-posts\" data-id=\"854d4cf\" data-element_type=\"widget\" data-e-type=\"widget\" data-settings=\"{&quot;classic_columns&quot;:&quot;4&quot;,&quot;classic_columns_tablet&quot;:&quot;2&quot;,&quot;classic_columns_mobile&quot;:&quot;1&quot;,&quot;classic_row_gap&quot;:{&quot;unit&quot;:&quot;px&quot;,&quot;size&quot;:35,&quot;sizes&quot;:[]},&quot;classic_row_gap_tablet&quot;:{&quot;unit&quot;:&quot;px&quot;,&quot;size&quot;:&quot;&quot;,&quot;sizes&quot;:[]},&quot;classic_row_gap_mobile&quot;:{&quot;unit&quot;:&quot;px&quot;,&quot;size&quot;:&quot;&quot;,&quot;sizes&quot;:[]}}\" data-widget_type=\"posts.classic\">\n\t\t\t\t<div class=\"elementor-widget-container\">\n\t\t\t\t\t\t\t<div class=\"elementor-posts-container elementor-posts elementor-posts--skin-classic elementor-grid\" role=\"list\">\n\t\t\t\t<article class=\"elementor-post elementor-grid-item post-3800 post type-post status-publish format-standard has-post-thumbnail hentry category-non-categorise\" role=\"listitem\">\n\t\t\t\t<a class=\"elementor-post__thumbnail__link\" href=\"https:\/\/jeco-energies.com\/fr\/jeco-energies-sagrandit-avec-lacquisition-de-trafohuis-lv-trading\/\" tabindex=\"-1\" >\n\t\t\t<div class=\"elementor-post__thumbnail\"><img fetchpriority=\"high\" decoding=\"async\" width=\"1024\" height=\"536\" src=\"https:\/\/jeco-energies.com\/wp-content\/uploads\/2024\/04\/JecoNederland02-1024x536.png\" class=\"attachment-large size-large wp-image-2400\" alt=\"\" srcset=\"https:\/\/jeco-energies.com\/wp-content\/uploads\/2024\/04\/JecoNederland02-1024x536.png 1024w, https:\/\/jeco-energies.com\/wp-content\/uploads\/2024\/04\/JecoNederland02-300x157.png 300w, https:\/\/jeco-energies.com\/wp-content\/uploads\/2024\/04\/JecoNederland02-768x402.png 768w, https:\/\/jeco-energies.com\/wp-content\/uploads\/2024\/04\/JecoNederland02-1536x804.png 1536w, https:\/\/jeco-energies.com\/wp-content\/uploads\/2024\/04\/JecoNederland02-2048x1072.png 2048w\" sizes=\"(max-width: 1024px) 100vw, 1024px\" \/><\/div>\n\t\t<\/a>\n\t\t\t\t<div class=\"elementor-post__text\">\n\t\t\t\t<h3 class=\"elementor-post__title\">\n\t\t\t<a href=\"https:\/\/jeco-energies.com\/fr\/jeco-energies-sagrandit-avec-lacquisition-de-trafohuis-lv-trading\/\" >\n\t\t\t\tJeco Energies s&rsquo;agrandit avec l&rsquo;acquisition de Trafohuis &#8211; LV Trading\t\t\t<\/a>\n\t\t<\/h3>\n\t\t\t\t<div class=\"elementor-post__excerpt\">\n\t\t\t\t\t<\/div>\n\t\t\t\t<\/div>\n\t\t\t\t<\/article>\n\t\t\t\t<article class=\"elementor-post elementor-grid-item post-2475 post type-post status-publish format-standard has-post-thumbnail hentry category-non-categorise\" role=\"listitem\">\n\t\t\t\t<a class=\"elementor-post__thumbnail__link\" href=\"https:\/\/jeco-energies.com\/fr\/psaa-et-tm-stadsbader-jeco-energies-signent-un-contrat-pour-la-construction-dune-centrale-electrique-a-terre\/\" tabindex=\"-1\" >\n\t\t\t<div class=\"elementor-post__thumbnail\"><img decoding=\"async\" width=\"1024\" height=\"440\" src=\"https:\/\/jeco-energies.com\/wp-content\/uploads\/2024\/04\/022317_bordertax.jpeg\" class=\"attachment-large size-large wp-image-2355\" alt=\"\" srcset=\"https:\/\/jeco-energies.com\/wp-content\/uploads\/2024\/04\/022317_bordertax.jpeg 1024w, https:\/\/jeco-energies.com\/wp-content\/uploads\/2024\/04\/022317_bordertax-300x129.jpeg 300w, https:\/\/jeco-energies.com\/wp-content\/uploads\/2024\/04\/022317_bordertax-768x330.jpeg 768w\" sizes=\"(max-width: 1024px) 100vw, 1024px\" \/><\/div>\n\t\t<\/a>\n\t\t\t\t<div class=\"elementor-post__text\">\n\t\t\t\t<h3 class=\"elementor-post__title\">\n\t\t\t<a href=\"https:\/\/jeco-energies.com\/fr\/psaa-et-tm-stadsbader-jeco-energies-signent-un-contrat-pour-la-construction-dune-centrale-electrique-a-terre\/\" >\n\t\t\t\tPSAA et TM Stadsbader Jeco Energies signent un contrat pour la construction d&rsquo;une centrale \u00e9lectrique \u00e0 terre\t\t\t<\/a>\n\t\t<\/h3>\n\t\t\t\t<div class=\"elementor-post__excerpt\">\n\t\t\t\t\t<\/div>\n\t\t\t\t<\/div>\n\t\t\t\t<\/article>\n\t\t\t\t<article class=\"elementor-post elementor-grid-item post-2473 post type-post status-publish format-standard has-post-thumbnail hentry category-non-categorise\" role=\"listitem\">\n\t\t\t\t<a class=\"elementor-post__thumbnail__link\" href=\"https:\/\/jeco-energies.com\/fr\/jeco-energies-et-powercon-sassocient-pour-une-solution-dalimentation-a-quai-avancee-au-terminal-psa-europa\/\" tabindex=\"-1\" >\n\t\t\t<div class=\"elementor-post__thumbnail\"><img decoding=\"async\" width=\"1024\" height=\"768\" src=\"https:\/\/jeco-energies.com\/wp-content\/uploads\/2025\/04\/JecoPowerCon-1024x768.jpg\" class=\"attachment-large size-large wp-image-2402\" alt=\"\" srcset=\"https:\/\/jeco-energies.com\/wp-content\/uploads\/2025\/04\/JecoPowerCon-1024x768.jpg 1024w, https:\/\/jeco-energies.com\/wp-content\/uploads\/2025\/04\/JecoPowerCon-300x225.jpg 300w, https:\/\/jeco-energies.com\/wp-content\/uploads\/2025\/04\/JecoPowerCon-768x576.jpg 768w, https:\/\/jeco-energies.com\/wp-content\/uploads\/2025\/04\/JecoPowerCon-1536x1152.jpg 1536w, https:\/\/jeco-energies.com\/wp-content\/uploads\/2025\/04\/JecoPowerCon-2048x1536.jpg 2048w\" sizes=\"(max-width: 1024px) 100vw, 1024px\" \/><\/div>\n\t\t<\/a>\n\t\t\t\t<div class=\"elementor-post__text\">\n\t\t\t\t<h3 class=\"elementor-post__title\">\n\t\t\t<a href=\"https:\/\/jeco-energies.com\/fr\/jeco-energies-et-powercon-sassocient-pour-une-solution-dalimentation-a-quai-avancee-au-terminal-psa-europa\/\" >\n\t\t\t\tJeco Energies et PowerCon s&rsquo;associent pour une solution d&rsquo;alimentation \u00e0 quai avanc\u00e9e au terminal PSA Europa\t\t\t<\/a>\n\t\t<\/h3>\n\t\t\t\t<div class=\"elementor-post__excerpt\">\n\t\t\t\t\t<\/div>\n\t\t\t\t<\/div>\n\t\t\t\t<\/article>\n\t\t\t\t<article class=\"elementor-post elementor-grid-item post-2470 post type-post status-publish format-standard has-post-thumbnail hentry category-non-categorise\" role=\"listitem\">\n\t\t\t\t<a class=\"elementor-post__thumbnail__link\" href=\"https:\/\/jeco-energies.com\/fr\/jeco-energies-acquiert-applitech\/\" tabindex=\"-1\" >\n\t\t\t<div class=\"elementor-post__thumbnail\"><img loading=\"lazy\" decoding=\"async\" width=\"1024\" height=\"568\" src=\"https:\/\/jeco-energies.com\/wp-content\/uploads\/2025\/04\/Applitec-1024x568.jpg\" class=\"attachment-large size-large wp-image-2406\" alt=\"\" srcset=\"https:\/\/jeco-energies.com\/wp-content\/uploads\/2025\/04\/Applitec-1024x568.jpg 1024w, https:\/\/jeco-energies.com\/wp-content\/uploads\/2025\/04\/Applitec-300x167.jpg 300w, https:\/\/jeco-energies.com\/wp-content\/uploads\/2025\/04\/Applitec-768x426.jpg 768w, https:\/\/jeco-energies.com\/wp-content\/uploads\/2025\/04\/Applitec-1536x853.jpg 1536w, https:\/\/jeco-energies.com\/wp-content\/uploads\/2025\/04\/Applitec-2048x1137.jpg 2048w\" sizes=\"(max-width: 1024px) 100vw, 1024px\" \/><\/div>\n\t\t<\/a>\n\t\t\t\t<div class=\"elementor-post__text\">\n\t\t\t\t<h3 class=\"elementor-post__title\">\n\t\t\t<a href=\"https:\/\/jeco-energies.com\/fr\/jeco-energies-acquiert-applitech\/\" >\n\t\t\t\tJeco Energies acquiert Applitech\t\t\t<\/a>\n\t\t<\/h3>\n\t\t\t\t<div class=\"elementor-post__excerpt\">\n\t\t\t\t\t<\/div>\n\t\t\t\t<\/div>\n\t\t\t\t<\/article>\n\t\t\t\t<article class=\"elementor-post elementor-grid-item post-2457 post type-post status-publish format-standard has-post-thumbnail hentry category-non-categorise\" role=\"listitem\">\n\t\t\t\t<a class=\"elementor-post__thumbnail__link\" href=\"https:\/\/jeco-energies.com\/fr\/npm-capital-prend-une-participation-dans-jeco-energies\/\" tabindex=\"-1\" >\n\t\t\t<div class=\"elementor-post__thumbnail\"><img loading=\"lazy\" decoding=\"async\" width=\"1024\" height=\"683\" src=\"https:\/\/jeco-energies.com\/wp-content\/uploads\/2025\/04\/NPMcapital-1024x683.jpg\" class=\"attachment-large size-large wp-image-2408\" alt=\"\" srcset=\"https:\/\/jeco-energies.com\/wp-content\/uploads\/2025\/04\/NPMcapital-1024x683.jpg 1024w, https:\/\/jeco-energies.com\/wp-content\/uploads\/2025\/04\/NPMcapital-300x200.jpg 300w, https:\/\/jeco-energies.com\/wp-content\/uploads\/2025\/04\/NPMcapital-768x512.jpg 768w, https:\/\/jeco-energies.com\/wp-content\/uploads\/2025\/04\/NPMcapital-1536x1024.jpg 1536w, https:\/\/jeco-energies.com\/wp-content\/uploads\/2025\/04\/NPMcapital-2048x1365.jpg 2048w\" sizes=\"(max-width: 1024px) 100vw, 1024px\" \/><\/div>\n\t\t<\/a>\n\t\t\t\t<div class=\"elementor-post__text\">\n\t\t\t\t<h3 class=\"elementor-post__title\">\n\t\t\t<a href=\"https:\/\/jeco-energies.com\/fr\/npm-capital-prend-une-participation-dans-jeco-energies\/\" >\n\t\t\t\tNPM Capital prend une participation dans Jeco Energies\t\t\t<\/a>\n\t\t<\/h3>\n\t\t\t\t<div class=\"elementor-post__excerpt\">\n\t\t\t<p> La soci\u00e9t\u00e9 d&rsquo;investissement NPM Capital prend une participation minoritaire importante dans l&rsquo;entreprise familiale belge Jeco Energies, qui est l&rsquo;un\t\t<\/div>\n\t\t\t\t<\/div>\n\t\t\t\t<\/article>\n\t\t\t\t<article class=\"elementor-post elementor-grid-item post-2461 post type-post status-publish format-standard has-post-thumbnail hentry category-non-categorise\" role=\"listitem\">\n\t\t\t\t<a class=\"elementor-post__thumbnail__link\" href=\"https:\/\/jeco-energies.com\/fr\/festival-de-fin-dete-de-jeco-energies\/\" tabindex=\"-1\" >\n\t\t\t<div class=\"elementor-post__thumbnail\"><img loading=\"lazy\" decoding=\"async\" width=\"1024\" height=\"683\" src=\"https:\/\/jeco-energies.com\/wp-content\/uploads\/2025\/04\/EndOfSummer-1024x683.jpg\" class=\"attachment-large size-large wp-image-2410\" alt=\"\" srcset=\"https:\/\/jeco-energies.com\/wp-content\/uploads\/2025\/04\/EndOfSummer-1024x683.jpg 1024w, https:\/\/jeco-energies.com\/wp-content\/uploads\/2025\/04\/EndOfSummer-300x200.jpg 300w, https:\/\/jeco-energies.com\/wp-content\/uploads\/2025\/04\/EndOfSummer-768x512.jpg 768w, https:\/\/jeco-energies.com\/wp-content\/uploads\/2025\/04\/EndOfSummer-1536x1024.jpg 1536w, https:\/\/jeco-energies.com\/wp-content\/uploads\/2025\/04\/EndOfSummer-2048x1365.jpg 2048w\" sizes=\"(max-width: 1024px) 100vw, 1024px\" \/><\/div>\n\t\t<\/a>\n\t\t\t\t<div class=\"elementor-post__text\">\n\t\t\t\t<h3 class=\"elementor-post__title\">\n\t\t\t<a href=\"https:\/\/jeco-energies.com\/fr\/festival-de-fin-dete-de-jeco-energies\/\" >\n\t\t\t\tFestival de fin d&rsquo;\u00e9t\u00e9 de Jeco Energies\t\t\t<\/a>\n\t\t<\/h3>\n\t\t\t\t<div class=\"elementor-post__excerpt\">\n\t\t\t<p>Le jeudi 22 septembre 2022, nous avons organis\u00e9 la toute premi\u00e8re \u00e9dition du Jeco Energies End of Summer Festival. Plus\t\t<\/div>\n\t\t\t\t<\/div>\n\t\t\t\t<\/article>\n\t\t\t\t<article class=\"elementor-post elementor-grid-item post-2466 post type-post status-publish format-standard has-post-thumbnail hentry category-non-categorise\" role=\"listitem\">\n\t\t\t\t<a class=\"elementor-post__thumbnail__link\" href=\"https:\/\/jeco-energies.com\/fr\/voka-2023\/\" tabindex=\"-1\" >\n\t\t\t<div class=\"elementor-post__thumbnail\"><img loading=\"lazy\" decoding=\"async\" width=\"1024\" height=\"683\" src=\"https:\/\/jeco-energies.com\/wp-content\/uploads\/2025\/04\/Voka2023-1024x683.jpg\" class=\"attachment-large size-large wp-image-2412\" alt=\"\" srcset=\"https:\/\/jeco-energies.com\/wp-content\/uploads\/2025\/04\/Voka2023-1024x683.jpg 1024w, https:\/\/jeco-energies.com\/wp-content\/uploads\/2025\/04\/Voka2023-300x200.jpg 300w, https:\/\/jeco-energies.com\/wp-content\/uploads\/2025\/04\/Voka2023-768x512.jpg 768w, https:\/\/jeco-energies.com\/wp-content\/uploads\/2025\/04\/Voka2023-1536x1025.jpg 1536w, https:\/\/jeco-energies.com\/wp-content\/uploads\/2025\/04\/Voka2023-2048x1366.jpg 2048w\" sizes=\"(max-width: 1024px) 100vw, 1024px\" \/><\/div>\n\t\t<\/a>\n\t\t\t\t<div class=\"elementor-post__text\">\n\t\t\t\t<h3 class=\"elementor-post__title\">\n\t\t\t<a href=\"https:\/\/jeco-energies.com\/fr\/voka-2023\/\" >\n\t\t\t\tVOKA 2023\t\t\t<\/a>\n\t\t<\/h3>\n\t\t\t\t<div class=\"elementor-post__excerpt\">\n\t\t\t<p>Le dimanche 1er octobre, nous avons fi\u00e8rement ouvert les portes de Gens Rental et de DSG Belgium \u00e0 l&rsquo;occasion de\t\t<\/div>\n\t\t\t\t<\/div>\n\t\t\t\t<\/article>\n\t\t\t\t<article class=\"elementor-post elementor-grid-item post-2459 post type-post status-publish format-standard has-post-thumbnail hentry category-non-categorise\" role=\"listitem\">\n\t\t\t\t<a class=\"elementor-post__thumbnail__link\" href=\"https:\/\/jeco-energies.com\/fr\/jeco-energies-dymotec\/\" tabindex=\"-1\" >\n\t\t\t<div class=\"elementor-post__thumbnail\"><img loading=\"lazy\" decoding=\"async\" width=\"1024\" height=\"683\" src=\"https:\/\/jeco-energies.com\/wp-content\/uploads\/2025\/04\/Automation-1024x683.jpg\" class=\"attachment-large size-large wp-image-2414\" alt=\"\" srcset=\"https:\/\/jeco-energies.com\/wp-content\/uploads\/2025\/04\/Automation-1024x683.jpg 1024w, https:\/\/jeco-energies.com\/wp-content\/uploads\/2025\/04\/Automation-300x200.jpg 300w, https:\/\/jeco-energies.com\/wp-content\/uploads\/2025\/04\/Automation-768x512.jpg 768w, https:\/\/jeco-energies.com\/wp-content\/uploads\/2025\/04\/Automation-1536x1024.jpg 1536w, https:\/\/jeco-energies.com\/wp-content\/uploads\/2025\/04\/Automation-2048x1365.jpg 2048w\" sizes=\"(max-width: 1024px) 100vw, 1024px\" \/><\/div>\n\t\t<\/a>\n\t\t\t\t<div class=\"elementor-post__text\">\n\t\t\t\t<h3 class=\"elementor-post__title\">\n\t\t\t<a href=\"https:\/\/jeco-energies.com\/fr\/jeco-energies-dymotec\/\" >\n\t\t\t\tJeco Energies &amp; Dymotec\t\t\t<\/a>\n\t\t<\/h3>\n\t\t\t\t<div class=\"elementor-post__excerpt\">\n\t\t\t<p>Jeco Energies, leader du march\u00e9 des solutions d&rsquo;urgence pour les installations \u00e0 haute tension et des services techniques pour les\t\t<\/div>\n\t\t\t\t<\/div>\n\t\t\t\t<\/article>\n\t\t\t\t<article class=\"elementor-post elementor-grid-item post-2458 post type-post status-publish format-standard has-post-thumbnail hentry category-non-categorise\" role=\"listitem\">\n\t\t\t\t<a class=\"elementor-post__thumbnail__link\" href=\"https:\/\/jeco-energies.com\/fr\/jeco-energies-le-plus-jeune-pionnier-des-solutions-energetiques\/\" tabindex=\"-1\" >\n\t\t\t<div class=\"elementor-post__thumbnail\"><img loading=\"lazy\" decoding=\"async\" width=\"1024\" height=\"678\" src=\"https:\/\/jeco-energies.com\/wp-content\/uploads\/2025\/04\/Pionier-1024x678.jpg\" class=\"attachment-large size-large wp-image-2416\" alt=\"\" srcset=\"https:\/\/jeco-energies.com\/wp-content\/uploads\/2025\/04\/Pionier-1024x678.jpg 1024w, https:\/\/jeco-energies.com\/wp-content\/uploads\/2025\/04\/Pionier-300x199.jpg 300w, https:\/\/jeco-energies.com\/wp-content\/uploads\/2025\/04\/Pionier-768x508.jpg 768w, https:\/\/jeco-energies.com\/wp-content\/uploads\/2025\/04\/Pionier-1536x1017.jpg 1536w, https:\/\/jeco-energies.com\/wp-content\/uploads\/2025\/04\/Pionier-2048x1355.jpg 2048w\" sizes=\"(max-width: 1024px) 100vw, 1024px\" \/><\/div>\n\t\t<\/a>\n\t\t\t\t<div class=\"elementor-post__text\">\n\t\t\t\t<h3 class=\"elementor-post__title\">\n\t\t\t<a href=\"https:\/\/jeco-energies.com\/fr\/jeco-energies-le-plus-jeune-pionnier-des-solutions-energetiques\/\" >\n\t\t\t\tJeco Energies, le plus jeune pionnier des solutions \u00e9nerg\u00e9tiques\t\t\t<\/a>\n\t\t<\/h3>\n\t\t\t\t<div class=\"elementor-post__excerpt\">\n\t\t\t<p>Depuis de nombreuses ann\u00e9es, DSG Belgium, DSG Netherlands et leur spin-off ind\u00e9pendante GENS Rental offrent un service sans faille aux\t\t<\/div>\n\t\t\t\t<\/div>\n\t\t\t\t<\/article>\n\t\t\t\t<\/div>\n\t\t\n\t\t\t\t\t\t<\/div>\n\t\t\t\t<\/div>\n\t\t\t\t\t<\/div>\n\t\t\t\t<\/div>\n\t\t\t\t<\/div>\n\t\t","protected":false},"excerpt":{"rendered":"<p>Actualit\u00e9s Restez \u00e0 l&rsquo;\u00e9coute de nos derniers d\u00e9veloppements.<\/p>\n","protected":false},"author":1,"featured_media":0,"parent":0,"menu_order":0,"comment_status":"closed","ping_status":"closed","template":"elementor_header_footer","meta":{"_acf_changed":false,"content-type":"","footnotes":""},"class_list":["post-2487","page","type-page","status-publish","hentry"],"acf":[],"yoast_head":"<!-- This site is optimized with the Yoast SEO plugin v27.2 - https:\/\/yoast.com\/product\/yoast-seo-wordpress\/ -->\n<title>Actualit\u00e9s%page%%%%.<\/title>\n<meta name=\"description\" content=\"D\u00e9couvrez ici les derni\u00e8res nouvelles sur nos projets, nos nouveaux services et nos solutions intelligentes pour la fourniture d&#039;\u00e9nergie temporaire.\" \/>\n<meta name=\"robots\" content=\"index, follow, max-snippet:-1, max-image-preview:large, max-video-preview:-1\" \/>\n<link rel=\"canonical\" href=\"https:\/\/jeco-energies.com\/fr\/actualites\/\" \/>\n<meta property=\"og:locale\" content=\"fr_FR\" \/>\n<meta property=\"og:type\" content=\"article\" \/>\n<meta property=\"og:title\" content=\"Actualit\u00e9s%page%%%%.\" \/>\n<meta property=\"og:description\" content=\"D\u00e9couvrez ici les derni\u00e8res nouvelles sur nos projets, nos nouveaux services et nos solutions intelligentes pour la fourniture d&#039;\u00e9nergie temporaire.\" \/>\n<meta property=\"og:url\" content=\"https:\/\/jeco-energies.com\/fr\/actualites\/\" \/>\n<meta property=\"og:site_name\" content=\"Jeco Energies\" \/>\n<meta property=\"article:modified_time\" content=\"2025-11-26T12:09:47+00:00\" \/>\n<meta property=\"og:image\" content=\"https:\/\/jeco-energies.com\/wp-content\/uploads\/2025\/05\/Featured-Global.jpg\" \/>\n\t<meta property=\"og:image:width\" content=\"1200\" \/>\n\t<meta property=\"og:image:height\" content=\"630\" \/>\n\t<meta property=\"og:image:type\" content=\"image\/jpeg\" \/>\n<meta name=\"twitter:card\" content=\"summary_large_image\" \/>\n<script type=\"application\/ld+json\" class=\"yoast-schema-graph\">{\"@context\":\"https:\/\/schema.org\",\"@graph\":[{\"@type\":\"WebPage\",\"@id\":\"https:\/\/jeco-energies.com\/fr\/actualites\/\",\"url\":\"https:\/\/jeco-energies.com\/fr\/actualites\/\",\"name\":\"Actualit\u00e9s%page%%%%.\",\"isPartOf\":{\"@id\":\"https:\/\/jeco-energies.com\/fr\/#website\"},\"datePublished\":\"2025-04-18T06:37:11+00:00\",\"dateModified\":\"2025-11-26T12:09:47+00:00\",\"description\":\"D\u00e9couvrez ici les derni\u00e8res nouvelles sur nos projets, nos nouveaux services et nos solutions intelligentes pour la fourniture d'\u00e9nergie temporaire.\",\"breadcrumb\":{\"@id\":\"https:\/\/jeco-energies.com\/fr\/actualites\/#breadcrumb\"},\"inLanguage\":\"fr-FR\",\"potentialAction\":[{\"@type\":\"ReadAction\",\"target\":[\"https:\/\/jeco-energies.com\/fr\/actualites\/\"]}]},{\"@type\":\"BreadcrumbList\",\"@id\":\"https:\/\/jeco-energies.com\/fr\/actualites\/#breadcrumb\",\"itemListElement\":[{\"@type\":\"ListItem\",\"position\":1,\"name\":\"Home\",\"item\":\"https:\/\/jeco-energies.com\/fr\/page-daccueil\/\"},{\"@type\":\"ListItem\",\"position\":2,\"name\":\"Actualit\u00e9s\"}]},{\"@type\":\"WebSite\",\"@id\":\"https:\/\/jeco-energies.com\/fr\/#website\",\"url\":\"https:\/\/jeco-energies.com\/fr\/\",\"name\":\"Jeco Energies\",\"description\":\"When Power Becomes Smart\",\"publisher\":{\"@id\":\"https:\/\/jeco-energies.com\/fr\/#organization\"},\"potentialAction\":[{\"@type\":\"SearchAction\",\"target\":{\"@type\":\"EntryPoint\",\"urlTemplate\":\"https:\/\/jeco-energies.com\/fr\/?s={search_term_string}\"},\"query-input\":{\"@type\":\"PropertyValueSpecification\",\"valueRequired\":true,\"valueName\":\"search_term_string\"}}],\"inLanguage\":\"fr-FR\"},{\"@type\":\"Organization\",\"@id\":\"https:\/\/jeco-energies.com\/fr\/#organization\",\"name\":\"Jeco Energies\",\"alternateName\":\"Jeco\",\"url\":\"https:\/\/jeco-energies.com\/fr\/\",\"logo\":{\"@type\":\"ImageObject\",\"inLanguage\":\"fr-FR\",\"@id\":\"https:\/\/jeco-energies.com\/fr\/#\/schema\/logo\/image\/\",\"url\":\"https:\/\/jeco-energies.com\/wp-content\/uploads\/2024\/04\/Logo_Jeco_Web.png\",\"contentUrl\":\"https:\/\/jeco-energies.com\/wp-content\/uploads\/2024\/04\/Logo_Jeco_Web.png\",\"width\":339,\"height\":136,\"caption\":\"Jeco Energies\"},\"image\":{\"@id\":\"https:\/\/jeco-energies.com\/fr\/#\/schema\/logo\/image\/\"}}]}<\/script>\n<!-- \/ Yoast SEO plugin. -->","yoast_head_json":{"title":"Actualit\u00e9s%page%%%%.","description":"D\u00e9couvrez ici les derni\u00e8res nouvelles sur nos projets, nos nouveaux services et nos solutions intelligentes pour la fourniture d'\u00e9nergie temporaire.","robots":{"index":"index","follow":"follow","max-snippet":"max-snippet:-1","max-image-preview":"max-image-preview:large","max-video-preview":"max-video-preview:-1"},"canonical":"https:\/\/jeco-energies.com\/fr\/actualites\/","og_locale":"fr_FR","og_type":"article","og_title":"Actualit\u00e9s%page%%%%.","og_description":"D\u00e9couvrez ici les derni\u00e8res nouvelles sur nos projets, nos nouveaux services et nos solutions intelligentes pour la fourniture d'\u00e9nergie temporaire.","og_url":"https:\/\/jeco-energies.com\/fr\/actualites\/","og_site_name":"Jeco Energies","article_modified_time":"2025-11-26T12:09:47+00:00","og_image":[{"width":1200,"height":630,"url":"https:\/\/jeco-energies.com\/wp-content\/uploads\/2025\/05\/Featured-Global.jpg","type":"image\/jpeg"}],"twitter_card":"summary_large_image","schema":{"@context":"https:\/\/schema.org","@graph":[{"@type":"WebPage","@id":"https:\/\/jeco-energies.com\/fr\/actualites\/","url":"https:\/\/jeco-energies.com\/fr\/actualites\/","name":"Actualit\u00e9s%page%%%%.","isPartOf":{"@id":"https:\/\/jeco-energies.com\/fr\/#website"},"datePublished":"2025-04-18T06:37:11+00:00","dateModified":"2025-11-26T12:09:47+00:00","description":"D\u00e9couvrez ici les derni\u00e8res nouvelles sur nos projets, nos nouveaux services et nos solutions intelligentes pour la fourniture d'\u00e9nergie temporaire.","breadcrumb":{"@id":"https:\/\/jeco-energies.com\/fr\/actualites\/#breadcrumb"},"inLanguage":"fr-FR","potentialAction":[{"@type":"ReadAction","target":["https:\/\/jeco-energies.com\/fr\/actualites\/"]}]},{"@type":"BreadcrumbList","@id":"https:\/\/jeco-energies.com\/fr\/actualites\/#breadcrumb","itemListElement":[{"@type":"ListItem","position":1,"name":"Home","item":"https:\/\/jeco-energies.com\/fr\/page-daccueil\/"},{"@type":"ListItem","position":2,"name":"Actualit\u00e9s"}]},{"@type":"WebSite","@id":"https:\/\/jeco-energies.com\/fr\/#website","url":"https:\/\/jeco-energies.com\/fr\/","name":"Jeco Energies","description":"When Power Becomes Smart","publisher":{"@id":"https:\/\/jeco-energies.com\/fr\/#organization"},"potentialAction":[{"@type":"SearchAction","target":{"@type":"EntryPoint","urlTemplate":"https:\/\/jeco-energies.com\/fr\/?s={search_term_string}"},"query-input":{"@type":"PropertyValueSpecification","valueRequired":true,"valueName":"search_term_string"}}],"inLanguage":"fr-FR"},{"@type":"Organization","@id":"https:\/\/jeco-energies.com\/fr\/#organization","name":"Jeco Energies","alternateName":"Jeco","url":"https:\/\/jeco-energies.com\/fr\/","logo":{"@type":"ImageObject","inLanguage":"fr-FR","@id":"https:\/\/jeco-energies.com\/fr\/#\/schema\/logo\/image\/","url":"https:\/\/jeco-energies.com\/wp-content\/uploads\/2024\/04\/Logo_Jeco_Web.png","contentUrl":"https:\/\/jeco-energies.com\/wp-content\/uploads\/2024\/04\/Logo_Jeco_Web.png","width":339,"height":136,"caption":"Jeco Energies"},"image":{"@id":"https:\/\/jeco-energies.com\/fr\/#\/schema\/logo\/image\/"}}]}},"_links":{"self":[{"href":"https:\/\/jeco-energies.com\/fr\/wp-json\/wp\/v2\/pages\/2487","targetHints":{"allow":["GET"]}}],"collection":[{"href":"https:\/\/jeco-energies.com\/fr\/wp-json\/wp\/v2\/pages"}],"about":[{"href":"https:\/\/jeco-energies.com\/fr\/wp-json\/wp\/v2\/types\/page"}],"author":[{"embeddable":true,"href":"https:\/\/jeco-energies.com\/fr\/wp-json\/wp\/v2\/users\/1"}],"replies":[{"embeddable":true,"href":"https:\/\/jeco-energies.com\/fr\/wp-json\/wp\/v2\/comments?post=2487"}],"version-history":[{"count":0,"href":"https:\/\/jeco-energies.com\/fr\/wp-json\/wp\/v2\/pages\/2487\/revisions"}],"wp:attachment":[{"href":"https:\/\/jeco-energies.com\/fr\/wp-json\/wp\/v2\/media?parent=2487"}],"curies":[{"name":"wp","href":"https:\/\/api.w.org\/{rel}","templated":true}]}}