{"id":2477,"date":"2025-04-28T07:56:31","date_gmt":"2025-04-28T07:56:31","guid":{"rendered":"https:\/\/jeco-energies.com\/telecharger-shore-power\/"},"modified":"2025-04-28T15:15:49","modified_gmt":"2025-04-28T15:15:49","slug":"telecharger-shore-power","status":"publish","type":"page","link":"https:\/\/jeco-energies.com\/fr\/puissance-de-quai\/telecharger-shore-power\/","title":{"rendered":"T\u00e9l\u00e9charger Shore Power"},"content":{"rendered":"\t\t<div data-elementor-type=\"wp-page\" data-elementor-id=\"2477\" class=\"elementor elementor-2477 elementor-2206\" data-elementor-post-type=\"page\">\n\t\t\t\t<div class=\"elementor-element elementor-element-980cd96 e-flex e-con-boxed e-con e-parent\" data-id=\"980cd96\" data-element_type=\"container\" data-e-type=\"container\" data-settings=\"{&quot;background_background&quot;:&quot;classic&quot;}\">\n\t\t\t\t\t<div class=\"e-con-inner\">\n\t\t<div class=\"elementor-element elementor-element-0447395 e-con-full e-flex e-con e-child\" data-id=\"0447395\" data-element_type=\"container\" data-e-type=\"container\">\n\t\t\t\t<div class=\"elementor-element elementor-element-a3ba98a elementor-widget elementor-widget-heading\" data-id=\"a3ba98a\" data-element_type=\"widget\" data-e-type=\"widget\" data-widget_type=\"heading.default\">\n\t\t\t\t<div class=\"elementor-widget-container\">\n\t\t\t\t\t<h2 class=\"elementor-heading-title elementor-size-default\">Merci de votre attention !  <br>Vous pouvez consulter et t\u00e9l\u00e9charger le livre blanc en cliquant sur le bouton ci-dessous.<\/h2>\t\t\t\t<\/div>\n\t\t\t\t<\/div>\n\t\t\t\t<div class=\"elementor-element elementor-element-669ae1c elementor-widget elementor-widget-button\" data-id=\"669ae1c\" data-element_type=\"widget\" data-e-type=\"widget\" data-widget_type=\"button.default\">\n\t\t\t\t<div class=\"elementor-widget-container\">\n\t\t\t\t\t\t\t\t\t<div class=\"elementor-button-wrapper\">\n\t\t\t\t\t<a class=\"elementor-button elementor-button-link elementor-size-sm\" href=\"http:\/\/jeco-energies.com\/wp-content\/uploads\/2025\/04\/ShorePower_A4_V5.pdf\">\n\t\t\t\t\t\t<span class=\"elementor-button-content-wrapper\">\n\t\t\t\t\t\t<span class=\"elementor-button-icon\">\n\t\t\t\t<svg aria-hidden=\"true\" class=\"e-font-icon-svg e-fas-chevron-right\" viewBox=\"0 0 320 512\" xmlns=\"http:\/\/www.w3.org\/2000\/svg\"><path d=\"M285.476 272.971L91.132 467.314c-9.373 9.373-24.569 9.373-33.941 0l-22.667-22.667c-9.357-9.357-9.375-24.522-.04-33.901L188.505 256 34.484 101.255c-9.335-9.379-9.317-24.544.04-33.901l22.667-22.667c9.373-9.373 24.569-9.373 33.941 0L285.475 239.03c9.373 9.372 9.373 24.568.001 33.941z\"><\/path><\/svg>\t\t\t<\/span>\n\t\t\t\t\t\t\t\t\t<span class=\"elementor-button-text\">Livre blanc Shore Power<\/span>\n\t\t\t\t\t<\/span>\n\t\t\t\t\t<\/a>\n\t\t\t\t<\/div>\n\t\t\t\t\t\t\t\t<\/div>\n\t\t\t\t<\/div>\n\t\t\t\t<\/div>\n\t\t<div class=\"elementor-element elementor-element-09794c5 e-con-full e-flex e-con e-child\" data-id=\"09794c5\" data-element_type=\"container\" data-e-type=\"container\">\n\t\t\t\t<div class=\"elementor-element elementor-element-510e85a elementor-widget elementor-widget-image\" data-id=\"510e85a\" data-element_type=\"widget\" data-e-type=\"widget\" data-widget_type=\"image.default\">\n\t\t\t\t<div class=\"elementor-widget-container\">\n\t\t\t\t\t\t\t\t\t\t\t\t\t\t\t<img fetchpriority=\"high\" decoding=\"async\" width=\"1024\" height=\"683\" src=\"https:\/\/jeco-energies.com\/wp-content\/uploads\/2025\/04\/tablet_air_8-1024x683.png\" class=\"attachment-large size-large wp-image-2439\" alt=\"\" srcset=\"https:\/\/jeco-energies.com\/wp-content\/uploads\/2025\/04\/tablet_air_8-1024x683.png 1024w, https:\/\/jeco-energies.com\/wp-content\/uploads\/2025\/04\/tablet_air_8-300x200.png 300w, https:\/\/jeco-energies.com\/wp-content\/uploads\/2025\/04\/tablet_air_8-768x512.png 768w, https:\/\/jeco-energies.com\/wp-content\/uploads\/2025\/04\/tablet_air_8-1536x1024.png 1536w, https:\/\/jeco-energies.com\/wp-content\/uploads\/2025\/04\/tablet_air_8-2048x1365.png 2048w\" sizes=\"(max-width: 1024px) 100vw, 1024px\" \/>\t\t\t\t\t\t\t\t\t\t\t\t\t\t\t<\/div>\n\t\t\t\t<\/div>\n\t\t\t\t<\/div>\n\t\t\t\t\t<\/div>\n\t\t\t\t<\/div>\n\t\t\t\t<\/div>\n\t\t","protected":false},"excerpt":{"rendered":"<p>Merci de votre attention ! Vous pouvez consulter et t\u00e9l\u00e9charger le livre blanc en cliquant sur le bouton ci-dessous. Livre blanc Shore Power<\/p>\n","protected":false},"author":1,"featured_media":0,"parent":2495,"menu_order":0,"comment_status":"closed","ping_status":"closed","template":"elementor_header_footer","meta":{"_acf_changed":false,"content-type":"","footnotes":""},"class_list":["post-2477","page","type-page","status-publish","hentry"],"acf":[],"yoast_head":"<!-- This site is optimized with the Yoast SEO plugin v27.4 - https:\/\/yoast.com\/product\/yoast-seo-wordpress\/ -->\n<title>T\u00e9l\u00e9charger Shore Power &#8211; Jeco Energies<\/title>\n<meta name=\"robots\" content=\"index, follow, max-snippet:-1, max-image-preview:large, max-video-preview:-1\" \/>\n<link rel=\"canonical\" href=\"https:\/\/jeco-energies.com\/fr\/puissance-de-quai\/telecharger-shore-power\/\" \/>\n<meta property=\"og:locale\" content=\"fr_FR\" \/>\n<meta property=\"og:type\" content=\"article\" \/>\n<meta property=\"og:title\" content=\"T\u00e9l\u00e9charger Shore Power &#8211; Jeco Energies\" \/>\n<meta property=\"og:description\" content=\"Merci de votre attention ! Vous pouvez consulter et t\u00e9l\u00e9charger le livre blanc en cliquant sur le bouton ci-dessous. Livre blanc Shore Power\" \/>\n<meta property=\"og:url\" content=\"https:\/\/jeco-energies.com\/fr\/puissance-de-quai\/telecharger-shore-power\/\" \/>\n<meta property=\"og:site_name\" content=\"Jeco Energies\" \/>\n<meta property=\"article:modified_time\" content=\"2025-04-28T15:15:49+00:00\" \/>\n<meta property=\"og:image\" content=\"https:\/\/jeco-energies.com\/wp-content\/uploads\/2025\/04\/tablet_air_8-1024x683.png\" \/>\n<meta name=\"twitter:card\" content=\"summary_large_image\" \/>\n<script type=\"application\/ld+json\" class=\"yoast-schema-graph\">{\"@context\":\"https:\\\/\\\/schema.org\",\"@graph\":[{\"@type\":\"WebPage\",\"@id\":\"https:\\\/\\\/jeco-energies.com\\\/fr\\\/puissance-de-quai\\\/telecharger-shore-power\\\/\",\"url\":\"https:\\\/\\\/jeco-energies.com\\\/fr\\\/puissance-de-quai\\\/telecharger-shore-power\\\/\",\"name\":\"T\u00e9l\u00e9charger Shore Power &#8211; Jeco Energies\",\"isPartOf\":{\"@id\":\"https:\\\/\\\/jeco-energies.com\\\/fr\\\/#website\"},\"primaryImageOfPage\":{\"@id\":\"https:\\\/\\\/jeco-energies.com\\\/fr\\\/puissance-de-quai\\\/telecharger-shore-power\\\/#primaryimage\"},\"image\":{\"@id\":\"https:\\\/\\\/jeco-energies.com\\\/fr\\\/puissance-de-quai\\\/telecharger-shore-power\\\/#primaryimage\"},\"thumbnailUrl\":\"https:\\\/\\\/jeco-energies.com\\\/wp-content\\\/uploads\\\/2025\\\/04\\\/tablet_air_8-1024x683.png\",\"datePublished\":\"2025-04-28T07:56:31+00:00\",\"dateModified\":\"2025-04-28T15:15:49+00:00\",\"breadcrumb\":{\"@id\":\"https:\\\/\\\/jeco-energies.com\\\/fr\\\/puissance-de-quai\\\/telecharger-shore-power\\\/#breadcrumb\"},\"inLanguage\":\"fr-FR\",\"potentialAction\":[{\"@type\":\"ReadAction\",\"target\":[\"https:\\\/\\\/jeco-energies.com\\\/fr\\\/puissance-de-quai\\\/telecharger-shore-power\\\/\"]}]},{\"@type\":\"ImageObject\",\"inLanguage\":\"fr-FR\",\"@id\":\"https:\\\/\\\/jeco-energies.com\\\/fr\\\/puissance-de-quai\\\/telecharger-shore-power\\\/#primaryimage\",\"url\":\"https:\\\/\\\/jeco-energies.com\\\/wp-content\\\/uploads\\\/2025\\\/04\\\/tablet_air_8-1024x683.png\",\"contentUrl\":\"https:\\\/\\\/jeco-energies.com\\\/wp-content\\\/uploads\\\/2025\\\/04\\\/tablet_air_8-1024x683.png\"},{\"@type\":\"BreadcrumbList\",\"@id\":\"https:\\\/\\\/jeco-energies.com\\\/fr\\\/puissance-de-quai\\\/telecharger-shore-power\\\/#breadcrumb\",\"itemListElement\":[{\"@type\":\"ListItem\",\"position\":1,\"name\":\"Home\",\"item\":\"https:\\\/\\\/jeco-energies.com\\\/fr\\\/page-daccueil\\\/\"},{\"@type\":\"ListItem\",\"position\":2,\"name\":\"Alimentation \u00e0 quai (shore power \\\/ OPS)\",\"item\":\"https:\\\/\\\/jeco-energies.com\\\/fr\\\/shorepower\\\/\"},{\"@type\":\"ListItem\",\"position\":3,\"name\":\"T\u00e9l\u00e9charger Shore Power\"}]},{\"@type\":\"WebSite\",\"@id\":\"https:\\\/\\\/jeco-energies.com\\\/fr\\\/#website\",\"url\":\"https:\\\/\\\/jeco-energies.com\\\/fr\\\/\",\"name\":\"Jeco Energies\",\"description\":\"When Power Becomes Smart\",\"publisher\":{\"@id\":\"https:\\\/\\\/jeco-energies.com\\\/fr\\\/#organization\"},\"potentialAction\":[{\"@type\":\"SearchAction\",\"target\":{\"@type\":\"EntryPoint\",\"urlTemplate\":\"https:\\\/\\\/jeco-energies.com\\\/fr\\\/?s={search_term_string}\"},\"query-input\":{\"@type\":\"PropertyValueSpecification\",\"valueRequired\":true,\"valueName\":\"search_term_string\"}}],\"inLanguage\":\"fr-FR\"},{\"@type\":\"Organization\",\"@id\":\"https:\\\/\\\/jeco-energies.com\\\/fr\\\/#organization\",\"name\":\"Jeco Energies\",\"alternateName\":\"Jeco\",\"url\":\"https:\\\/\\\/jeco-energies.com\\\/fr\\\/\",\"logo\":{\"@type\":\"ImageObject\",\"inLanguage\":\"fr-FR\",\"@id\":\"https:\\\/\\\/jeco-energies.com\\\/fr\\\/#\\\/schema\\\/logo\\\/image\\\/\",\"url\":\"https:\\\/\\\/jeco-energies.com\\\/wp-content\\\/uploads\\\/2024\\\/04\\\/Logo_Jeco_Web.png\",\"contentUrl\":\"https:\\\/\\\/jeco-energies.com\\\/wp-content\\\/uploads\\\/2024\\\/04\\\/Logo_Jeco_Web.png\",\"width\":339,\"height\":136,\"caption\":\"Jeco Energies\"},\"image\":{\"@id\":\"https:\\\/\\\/jeco-energies.com\\\/fr\\\/#\\\/schema\\\/logo\\\/image\\\/\"}}]}<\/script>\n<!-- \/ Yoast SEO plugin. -->","yoast_head_json":{"title":"T\u00e9l\u00e9charger Shore Power &#8211; Jeco Energies","robots":{"index":"index","follow":"follow","max-snippet":"max-snippet:-1","max-image-preview":"max-image-preview:large","max-video-preview":"max-video-preview:-1"},"canonical":"https:\/\/jeco-energies.com\/fr\/puissance-de-quai\/telecharger-shore-power\/","og_locale":"fr_FR","og_type":"article","og_title":"T\u00e9l\u00e9charger Shore Power &#8211; Jeco Energies","og_description":"Merci de votre attention ! Vous pouvez consulter et t\u00e9l\u00e9charger le livre blanc en cliquant sur le bouton ci-dessous. Livre blanc Shore Power","og_url":"https:\/\/jeco-energies.com\/fr\/puissance-de-quai\/telecharger-shore-power\/","og_site_name":"Jeco Energies","article_modified_time":"2025-04-28T15:15:49+00:00","og_image":[{"url":"https:\/\/jeco-energies.com\/wp-content\/uploads\/2025\/04\/tablet_air_8-1024x683.png","type":"","width":"","height":""}],"twitter_card":"summary_large_image","schema":{"@context":"https:\/\/schema.org","@graph":[{"@type":"WebPage","@id":"https:\/\/jeco-energies.com\/fr\/puissance-de-quai\/telecharger-shore-power\/","url":"https:\/\/jeco-energies.com\/fr\/puissance-de-quai\/telecharger-shore-power\/","name":"T\u00e9l\u00e9charger Shore Power &#8211; Jeco Energies","isPartOf":{"@id":"https:\/\/jeco-energies.com\/fr\/#website"},"primaryImageOfPage":{"@id":"https:\/\/jeco-energies.com\/fr\/puissance-de-quai\/telecharger-shore-power\/#primaryimage"},"image":{"@id":"https:\/\/jeco-energies.com\/fr\/puissance-de-quai\/telecharger-shore-power\/#primaryimage"},"thumbnailUrl":"https:\/\/jeco-energies.com\/wp-content\/uploads\/2025\/04\/tablet_air_8-1024x683.png","datePublished":"2025-04-28T07:56:31+00:00","dateModified":"2025-04-28T15:15:49+00:00","breadcrumb":{"@id":"https:\/\/jeco-energies.com\/fr\/puissance-de-quai\/telecharger-shore-power\/#breadcrumb"},"inLanguage":"fr-FR","potentialAction":[{"@type":"ReadAction","target":["https:\/\/jeco-energies.com\/fr\/puissance-de-quai\/telecharger-shore-power\/"]}]},{"@type":"ImageObject","inLanguage":"fr-FR","@id":"https:\/\/jeco-energies.com\/fr\/puissance-de-quai\/telecharger-shore-power\/#primaryimage","url":"https:\/\/jeco-energies.com\/wp-content\/uploads\/2025\/04\/tablet_air_8-1024x683.png","contentUrl":"https:\/\/jeco-energies.com\/wp-content\/uploads\/2025\/04\/tablet_air_8-1024x683.png"},{"@type":"BreadcrumbList","@id":"https:\/\/jeco-energies.com\/fr\/puissance-de-quai\/telecharger-shore-power\/#breadcrumb","itemListElement":[{"@type":"ListItem","position":1,"name":"Home","item":"https:\/\/jeco-energies.com\/fr\/page-daccueil\/"},{"@type":"ListItem","position":2,"name":"Alimentation \u00e0 quai (shore power \/ OPS)","item":"https:\/\/jeco-energies.com\/fr\/shorepower\/"},{"@type":"ListItem","position":3,"name":"T\u00e9l\u00e9charger Shore Power"}]},{"@type":"WebSite","@id":"https:\/\/jeco-energies.com\/fr\/#website","url":"https:\/\/jeco-energies.com\/fr\/","name":"Jeco Energies","description":"When Power Becomes Smart","publisher":{"@id":"https:\/\/jeco-energies.com\/fr\/#organization"},"potentialAction":[{"@type":"SearchAction","target":{"@type":"EntryPoint","urlTemplate":"https:\/\/jeco-energies.com\/fr\/?s={search_term_string}"},"query-input":{"@type":"PropertyValueSpecification","valueRequired":true,"valueName":"search_term_string"}}],"inLanguage":"fr-FR"},{"@type":"Organization","@id":"https:\/\/jeco-energies.com\/fr\/#organization","name":"Jeco Energies","alternateName":"Jeco","url":"https:\/\/jeco-energies.com\/fr\/","logo":{"@type":"ImageObject","inLanguage":"fr-FR","@id":"https:\/\/jeco-energies.com\/fr\/#\/schema\/logo\/image\/","url":"https:\/\/jeco-energies.com\/wp-content\/uploads\/2024\/04\/Logo_Jeco_Web.png","contentUrl":"https:\/\/jeco-energies.com\/wp-content\/uploads\/2024\/04\/Logo_Jeco_Web.png","width":339,"height":136,"caption":"Jeco Energies"},"image":{"@id":"https:\/\/jeco-energies.com\/fr\/#\/schema\/logo\/image\/"}}]}},"_links":{"self":[{"href":"https:\/\/jeco-energies.com\/fr\/wp-json\/wp\/v2\/pages\/2477","targetHints":{"allow":["GET"]}}],"collection":[{"href":"https:\/\/jeco-energies.com\/fr\/wp-json\/wp\/v2\/pages"}],"about":[{"href":"https:\/\/jeco-energies.com\/fr\/wp-json\/wp\/v2\/types\/page"}],"author":[{"embeddable":true,"href":"https:\/\/jeco-energies.com\/fr\/wp-json\/wp\/v2\/users\/1"}],"replies":[{"embeddable":true,"href":"https:\/\/jeco-energies.com\/fr\/wp-json\/wp\/v2\/comments?post=2477"}],"version-history":[{"count":0,"href":"https:\/\/jeco-energies.com\/fr\/wp-json\/wp\/v2\/pages\/2477\/revisions"}],"up":[{"embeddable":true,"href":"https:\/\/jeco-energies.com\/fr\/wp-json\/wp\/v2\/pages\/2495"}],"wp:attachment":[{"href":"https:\/\/jeco-energies.com\/fr\/wp-json\/wp\/v2\/media?parent=2477"}],"curies":[{"name":"wp","href":"https:\/\/api.w.org\/{rel}","templated":true}]}}