{"id":3324,"date":"2025-04-18T06:37:11","date_gmt":"2025-04-18T06:37:11","guid":{"rendered":"https:\/\/jeco-energies.com\/noticias\/"},"modified":"2025-11-26T12:09:48","modified_gmt":"2025-11-26T12:09:48","slug":"noticias","status":"publish","type":"page","link":"https:\/\/jeco-energies.com\/es\/noticias\/","title":{"rendered":"Noticias"},"content":{"rendered":"\t\t<div data-elementor-type=\"wp-page\" data-elementor-id=\"3324\" class=\"elementor elementor-3324 elementor-1968\" data-elementor-post-type=\"page\">\n\t\t\t\t<div class=\"elementor-element elementor-element-1aba8e9 e-flex e-con-boxed e-con e-parent\" data-id=\"1aba8e9\" data-element_type=\"container\" data-e-type=\"container\" data-settings=\"{&quot;background_background&quot;:&quot;classic&quot;,&quot;background_motion_fx_motion_fx_scrolling&quot;:&quot;yes&quot;,&quot;background_motion_fx_translateY_effect&quot;:&quot;yes&quot;,&quot;background_motion_fx_translateY_speed&quot;:{&quot;unit&quot;:&quot;px&quot;,&quot;size&quot;:2.4,&quot;sizes&quot;:[]},&quot;background_motion_fx_translateY_affectedRange&quot;:{&quot;unit&quot;:&quot;%&quot;,&quot;size&quot;:&quot;&quot;,&quot;sizes&quot;:{&quot;start&quot;:0,&quot;end&quot;:100}},&quot;background_motion_fx_devices&quot;:[&quot;desktop&quot;,&quot;tablet&quot;,&quot;mobile&quot;]}\">\n\t\t\t\t\t<div class=\"e-con-inner\">\n\t\t<div class=\"elementor-element elementor-element-fbe4faa e-con-full e-flex e-con e-child\" data-id=\"fbe4faa\" data-element_type=\"container\" data-e-type=\"container\" data-settings=\"{&quot;animation&quot;:&quot;none&quot;}\">\n\t\t\t\t<div class=\"elementor-element elementor-element-6fc08e1 elementor-invisible elementor-widget elementor-widget-heading\" data-id=\"6fc08e1\" data-element_type=\"widget\" data-e-type=\"widget\" data-settings=\"{&quot;_animation&quot;:&quot;slideInUp&quot;,&quot;_animation_delay&quot;:100}\" data-widget_type=\"heading.default\">\n\t\t\t\t<div class=\"elementor-widget-container\">\n\t\t\t\t\t<h1 class=\"elementor-heading-title elementor-size-default\">Noticias<\/h1>\t\t\t\t<\/div>\n\t\t\t\t<\/div>\n\t\t\t\t<div class=\"elementor-element elementor-element-f527e43 elementor-widget elementor-widget-text-editor\" data-id=\"f527e43\" data-element_type=\"widget\" data-e-type=\"widget\" data-widget_type=\"text-editor.default\">\n\t\t\t\t<div class=\"elementor-widget-container\">\n\t\t\t\t\t\t\t\t\t<p>Permanece atento a nuestras \u00faltimas novedades.<\/p>\t\t\t\t\t\t\t\t<\/div>\n\t\t\t\t<\/div>\n\t\t\t\t<\/div>\n\t\t\t\t\t<\/div>\n\t\t\t\t<\/div>\n\t\t<div class=\"elementor-element elementor-element-6cf54f5 e-flex e-con-boxed e-con e-parent\" data-id=\"6cf54f5\" data-element_type=\"container\" data-e-type=\"container\" data-settings=\"{&quot;background_background&quot;:&quot;classic&quot;}\">\n\t\t\t\t\t<div class=\"e-con-inner\">\n\t\t\t\t<div class=\"elementor-element elementor-element-854d4cf elementor-grid-4 elementor-grid-tablet-2 elementor-grid-mobile-1 elementor-posts--thumbnail-top elementor-widget elementor-widget-posts\" data-id=\"854d4cf\" data-element_type=\"widget\" data-e-type=\"widget\" data-settings=\"{&quot;classic_columns&quot;:&quot;4&quot;,&quot;classic_columns_tablet&quot;:&quot;2&quot;,&quot;classic_columns_mobile&quot;:&quot;1&quot;,&quot;classic_row_gap&quot;:{&quot;unit&quot;:&quot;px&quot;,&quot;size&quot;:35,&quot;sizes&quot;:[]},&quot;classic_row_gap_tablet&quot;:{&quot;unit&quot;:&quot;px&quot;,&quot;size&quot;:&quot;&quot;,&quot;sizes&quot;:[]},&quot;classic_row_gap_mobile&quot;:{&quot;unit&quot;:&quot;px&quot;,&quot;size&quot;:&quot;&quot;,&quot;sizes&quot;:[]}}\" data-widget_type=\"posts.classic\">\n\t\t\t\t<div class=\"elementor-widget-container\">\n\t\t\t\t\t\t\t<div class=\"elementor-posts-container elementor-posts elementor-posts--skin-classic elementor-grid\" role=\"list\">\n\t\t\t\t<article class=\"elementor-post elementor-grid-item post-3789 post type-post status-publish format-standard has-post-thumbnail hentry category-sin-categoria\" role=\"listitem\">\n\t\t\t\t<a class=\"elementor-post__thumbnail__link\" href=\"https:\/\/jeco-energies.com\/es\/jeco-energies-se-expande-con-la-adquisicion-de-trafohuis-lv-trading\/\" tabindex=\"-1\" >\n\t\t\t<div class=\"elementor-post__thumbnail\"><img fetchpriority=\"high\" decoding=\"async\" width=\"1024\" height=\"536\" src=\"https:\/\/jeco-energies.com\/wp-content\/uploads\/2024\/04\/JecoNederland02-1024x536.png\" class=\"attachment-large size-large wp-image-3793\" alt=\"\" srcset=\"https:\/\/jeco-energies.com\/wp-content\/uploads\/2024\/04\/JecoNederland02-1024x536.png 1024w, https:\/\/jeco-energies.com\/wp-content\/uploads\/2024\/04\/JecoNederland02-300x157.png 300w, https:\/\/jeco-energies.com\/wp-content\/uploads\/2024\/04\/JecoNederland02-768x402.png 768w, https:\/\/jeco-energies.com\/wp-content\/uploads\/2024\/04\/JecoNederland02-1536x804.png 1536w, https:\/\/jeco-energies.com\/wp-content\/uploads\/2024\/04\/JecoNederland02-2048x1072.png 2048w\" sizes=\"(max-width: 1024px) 100vw, 1024px\" \/><\/div>\n\t\t<\/a>\n\t\t\t\t<div class=\"elementor-post__text\">\n\t\t\t\t<h3 class=\"elementor-post__title\">\n\t\t\t<a href=\"https:\/\/jeco-energies.com\/es\/jeco-energies-se-expande-con-la-adquisicion-de-trafohuis-lv-trading\/\" >\n\t\t\t\tJeco Energies se expande con la adquisici\u00f3n de Trafohuis &#8211; LV Trading\t\t\t<\/a>\n\t\t<\/h3>\n\t\t\t\t<div class=\"elementor-post__excerpt\">\n\t\t\t\t\t<\/div>\n\t\t\t\t<\/div>\n\t\t\t\t<\/article>\n\t\t\t\t<article class=\"elementor-post elementor-grid-item post-3803 post type-post status-publish format-standard has-post-thumbnail hentry category-sin-categoria\" role=\"listitem\">\n\t\t\t\t<a class=\"elementor-post__thumbnail__link\" href=\"https:\/\/jeco-energies.com\/es\/psaa-y-tm-stadsbader-jeco-energies-firman-un-contrato-para-construir-una-central-electrica-en-tierra\/\" tabindex=\"-1\" >\n\t\t\t<div class=\"elementor-post__thumbnail\"><img decoding=\"async\" width=\"1024\" height=\"440\" src=\"https:\/\/jeco-energies.com\/wp-content\/uploads\/2024\/04\/022317_bordertax.jpeg\" class=\"attachment-large size-large wp-image-3791\" alt=\"\" srcset=\"https:\/\/jeco-energies.com\/wp-content\/uploads\/2024\/04\/022317_bordertax.jpeg 1024w, https:\/\/jeco-energies.com\/wp-content\/uploads\/2024\/04\/022317_bordertax-300x129.jpeg 300w, https:\/\/jeco-energies.com\/wp-content\/uploads\/2024\/04\/022317_bordertax-768x330.jpeg 768w\" sizes=\"(max-width: 1024px) 100vw, 1024px\" \/><\/div>\n\t\t<\/a>\n\t\t\t\t<div class=\"elementor-post__text\">\n\t\t\t\t<h3 class=\"elementor-post__title\">\n\t\t\t<a href=\"https:\/\/jeco-energies.com\/es\/psaa-y-tm-stadsbader-jeco-energies-firman-un-contrato-para-construir-una-central-electrica-en-tierra\/\" >\n\t\t\t\tPSAA y TM Stadsbader Jeco Energies firman un contrato para construir una central el\u00e9ctrica en tierra\t\t\t<\/a>\n\t\t<\/h3>\n\t\t\t\t<div class=\"elementor-post__excerpt\">\n\t\t\t\t\t<\/div>\n\t\t\t\t<\/div>\n\t\t\t\t<\/article>\n\t\t\t\t<article class=\"elementor-post elementor-grid-item post-3799 post type-post status-publish format-standard has-post-thumbnail hentry category-sin-categoria\" role=\"listitem\">\n\t\t\t\t<a class=\"elementor-post__thumbnail__link\" href=\"https:\/\/jeco-energies.com\/es\/jeco-energies-y-powercon-se-alian-para-una-solucion-avanzada-de-energia-en-puerto-en-la-terminal-psa-europa\/\" tabindex=\"-1\" >\n\t\t\t<div class=\"elementor-post__thumbnail\"><img decoding=\"async\" width=\"1024\" height=\"768\" src=\"https:\/\/jeco-energies.com\/wp-content\/uploads\/2025\/04\/JecoPowerCon-1024x768.jpg\" class=\"attachment-large size-large wp-image-3830\" alt=\"\" srcset=\"https:\/\/jeco-energies.com\/wp-content\/uploads\/2025\/04\/JecoPowerCon-1024x768.jpg 1024w, https:\/\/jeco-energies.com\/wp-content\/uploads\/2025\/04\/JecoPowerCon-300x225.jpg 300w, https:\/\/jeco-energies.com\/wp-content\/uploads\/2025\/04\/JecoPowerCon-768x576.jpg 768w, https:\/\/jeco-energies.com\/wp-content\/uploads\/2025\/04\/JecoPowerCon-1536x1152.jpg 1536w, https:\/\/jeco-energies.com\/wp-content\/uploads\/2025\/04\/JecoPowerCon-2048x1536.jpg 2048w\" sizes=\"(max-width: 1024px) 100vw, 1024px\" \/><\/div>\n\t\t<\/a>\n\t\t\t\t<div class=\"elementor-post__text\">\n\t\t\t\t<h3 class=\"elementor-post__title\">\n\t\t\t<a href=\"https:\/\/jeco-energies.com\/es\/jeco-energies-y-powercon-se-alian-para-una-solucion-avanzada-de-energia-en-puerto-en-la-terminal-psa-europa\/\" >\n\t\t\t\tJeco Energies y PowerCon se al\u00edan para una soluci\u00f3n avanzada de energ\u00eda en puerto en la Terminal PSA Europa\t\t\t<\/a>\n\t\t<\/h3>\n\t\t\t\t<div class=\"elementor-post__excerpt\">\n\t\t\t\t\t<\/div>\n\t\t\t\t<\/div>\n\t\t\t\t<\/article>\n\t\t\t\t<article class=\"elementor-post elementor-grid-item post-3756 post type-post status-publish format-standard has-post-thumbnail hentry category-sin-categoria\" role=\"listitem\">\n\t\t\t\t<a class=\"elementor-post__thumbnail__link\" href=\"https:\/\/jeco-energies.com\/es\/jeco-energies-adquiere-applitech\/\" tabindex=\"-1\" >\n\t\t\t<div class=\"elementor-post__thumbnail\"><img loading=\"lazy\" decoding=\"async\" width=\"1024\" height=\"568\" src=\"https:\/\/jeco-energies.com\/wp-content\/uploads\/2025\/04\/Applitec-1024x568.jpg\" class=\"attachment-large size-large wp-image-3758\" alt=\"\" srcset=\"https:\/\/jeco-energies.com\/wp-content\/uploads\/2025\/04\/Applitec-1024x568.jpg 1024w, https:\/\/jeco-energies.com\/wp-content\/uploads\/2025\/04\/Applitec-300x167.jpg 300w, https:\/\/jeco-energies.com\/wp-content\/uploads\/2025\/04\/Applitec-768x426.jpg 768w, https:\/\/jeco-energies.com\/wp-content\/uploads\/2025\/04\/Applitec-1536x853.jpg 1536w, https:\/\/jeco-energies.com\/wp-content\/uploads\/2025\/04\/Applitec-2048x1137.jpg 2048w\" sizes=\"(max-width: 1024px) 100vw, 1024px\" \/><\/div>\n\t\t<\/a>\n\t\t\t\t<div class=\"elementor-post__text\">\n\t\t\t\t<h3 class=\"elementor-post__title\">\n\t\t\t<a href=\"https:\/\/jeco-energies.com\/es\/jeco-energies-adquiere-applitech\/\" >\n\t\t\t\tJeco Energies adquiere Applitech\t\t\t<\/a>\n\t\t<\/h3>\n\t\t\t\t<div class=\"elementor-post__excerpt\">\n\t\t\t\t\t<\/div>\n\t\t\t\t<\/div>\n\t\t\t\t<\/article>\n\t\t\t\t<article class=\"elementor-post elementor-grid-item post-3806 post type-post status-publish format-standard has-post-thumbnail hentry category-sin-categoria\" role=\"listitem\">\n\t\t\t\t<a class=\"elementor-post__thumbnail__link\" href=\"https:\/\/jeco-energies.com\/es\/npm-capital-toma-participacion-en-jeco-energies\/\" tabindex=\"-1\" >\n\t\t\t<div class=\"elementor-post__thumbnail\"><img loading=\"lazy\" decoding=\"async\" width=\"1024\" height=\"683\" src=\"https:\/\/jeco-energies.com\/wp-content\/uploads\/2025\/04\/NPMcapital-1024x683.jpg\" class=\"attachment-large size-large wp-image-3834\" alt=\"\" srcset=\"https:\/\/jeco-energies.com\/wp-content\/uploads\/2025\/04\/NPMcapital-1024x683.jpg 1024w, https:\/\/jeco-energies.com\/wp-content\/uploads\/2025\/04\/NPMcapital-300x200.jpg 300w, https:\/\/jeco-energies.com\/wp-content\/uploads\/2025\/04\/NPMcapital-768x512.jpg 768w, https:\/\/jeco-energies.com\/wp-content\/uploads\/2025\/04\/NPMcapital-1536x1024.jpg 1536w, https:\/\/jeco-energies.com\/wp-content\/uploads\/2025\/04\/NPMcapital-2048x1365.jpg 2048w\" sizes=\"(max-width: 1024px) 100vw, 1024px\" \/><\/div>\n\t\t<\/a>\n\t\t\t\t<div class=\"elementor-post__text\">\n\t\t\t\t<h3 class=\"elementor-post__title\">\n\t\t\t<a href=\"https:\/\/jeco-energies.com\/es\/npm-capital-toma-participacion-en-jeco-energies\/\" >\n\t\t\t\tNPM Capital toma participaci\u00f3n en Jeco Energies\t\t\t<\/a>\n\t\t<\/h3>\n\t\t\t\t<div class=\"elementor-post__excerpt\">\n\t\t\t<p> La empresa de inversi\u00f3n NPM Capital adquiere una participaci\u00f3n minoritaria significativa en la empresa familiar belga Jeco Energies, uno\t\t<\/div>\n\t\t\t\t<\/div>\n\t\t\t\t<\/article>\n\t\t\t\t<article class=\"elementor-post elementor-grid-item post-3761 post type-post status-publish format-standard has-post-thumbnail hentry category-sin-categoria\" role=\"listitem\">\n\t\t\t\t<a class=\"elementor-post__thumbnail__link\" href=\"https:\/\/jeco-energies.com\/es\/festival-de-fin-de-verano-jeco-energies\/\" tabindex=\"-1\" >\n\t\t\t<div class=\"elementor-post__thumbnail\"><img loading=\"lazy\" decoding=\"async\" width=\"1024\" height=\"683\" src=\"https:\/\/jeco-energies.com\/wp-content\/uploads\/2025\/04\/EndOfSummer-1024x683.jpg\" class=\"attachment-large size-large wp-image-3836\" alt=\"\" srcset=\"https:\/\/jeco-energies.com\/wp-content\/uploads\/2025\/04\/EndOfSummer-1024x683.jpg 1024w, https:\/\/jeco-energies.com\/wp-content\/uploads\/2025\/04\/EndOfSummer-300x200.jpg 300w, https:\/\/jeco-energies.com\/wp-content\/uploads\/2025\/04\/EndOfSummer-768x512.jpg 768w, https:\/\/jeco-energies.com\/wp-content\/uploads\/2025\/04\/EndOfSummer-1536x1024.jpg 1536w, https:\/\/jeco-energies.com\/wp-content\/uploads\/2025\/04\/EndOfSummer-2048x1365.jpg 2048w\" sizes=\"(max-width: 1024px) 100vw, 1024px\" \/><\/div>\n\t\t<\/a>\n\t\t\t\t<div class=\"elementor-post__text\">\n\t\t\t\t<h3 class=\"elementor-post__title\">\n\t\t\t<a href=\"https:\/\/jeco-energies.com\/es\/festival-de-fin-de-verano-jeco-energies\/\" >\n\t\t\t\tFestival de Fin de Verano Jeco Energies\t\t\t<\/a>\n\t\t<\/h3>\n\t\t\t\t<div class=\"elementor-post__excerpt\">\n\t\t\t<p>El jueves 22 de septiembre de 2022, organizamos la primera edici\u00f3n del Festival de Fin de Verano de Jeco Energies.\t\t<\/div>\n\t\t\t\t<\/div>\n\t\t\t\t<\/article>\n\t\t\t\t<article class=\"elementor-post elementor-grid-item post-3770 post type-post status-publish format-standard has-post-thumbnail hentry category-sin-categoria\" role=\"listitem\">\n\t\t\t\t<a class=\"elementor-post__thumbnail__link\" href=\"https:\/\/jeco-energies.com\/es\/voka-2023\/\" tabindex=\"-1\" >\n\t\t\t<div class=\"elementor-post__thumbnail\"><img loading=\"lazy\" decoding=\"async\" width=\"1024\" height=\"683\" src=\"https:\/\/jeco-energies.com\/wp-content\/uploads\/2025\/04\/Voka2023-1024x683.jpg\" class=\"attachment-large size-large wp-image-3838\" alt=\"\" srcset=\"https:\/\/jeco-energies.com\/wp-content\/uploads\/2025\/04\/Voka2023-1024x683.jpg 1024w, https:\/\/jeco-energies.com\/wp-content\/uploads\/2025\/04\/Voka2023-300x200.jpg 300w, https:\/\/jeco-energies.com\/wp-content\/uploads\/2025\/04\/Voka2023-768x512.jpg 768w, https:\/\/jeco-energies.com\/wp-content\/uploads\/2025\/04\/Voka2023-1536x1025.jpg 1536w, https:\/\/jeco-energies.com\/wp-content\/uploads\/2025\/04\/Voka2023-2048x1366.jpg 2048w\" sizes=\"(max-width: 1024px) 100vw, 1024px\" \/><\/div>\n\t\t<\/a>\n\t\t\t\t<div class=\"elementor-post__text\">\n\t\t\t\t<h3 class=\"elementor-post__title\">\n\t\t\t<a href=\"https:\/\/jeco-energies.com\/es\/voka-2023\/\" >\n\t\t\t\tVOKA 2023\t\t\t<\/a>\n\t\t<\/h3>\n\t\t\t\t<div class=\"elementor-post__excerpt\">\n\t\t\t<p>El domingo 1 de octubre, abrimos con orgullo las puertas tanto de Gens Rental como de DSG B\u00e9lgica para el\t\t<\/div>\n\t\t\t\t<\/div>\n\t\t\t\t<\/article>\n\t\t\t\t<article class=\"elementor-post elementor-grid-item post-3768 post type-post status-publish format-standard has-post-thumbnail hentry category-sin-categoria\" role=\"listitem\">\n\t\t\t\t<a class=\"elementor-post__thumbnail__link\" href=\"https:\/\/jeco-energies.com\/es\/jeco-energies-y-dymotec\/\" tabindex=\"-1\" >\n\t\t\t<div class=\"elementor-post__thumbnail\"><img loading=\"lazy\" decoding=\"async\" width=\"1024\" height=\"683\" src=\"https:\/\/jeco-energies.com\/wp-content\/uploads\/2025\/04\/Automation-1024x683.jpg\" class=\"attachment-large size-large wp-image-3771\" alt=\"\" srcset=\"https:\/\/jeco-energies.com\/wp-content\/uploads\/2025\/04\/Automation-1024x683.jpg 1024w, https:\/\/jeco-energies.com\/wp-content\/uploads\/2025\/04\/Automation-300x200.jpg 300w, https:\/\/jeco-energies.com\/wp-content\/uploads\/2025\/04\/Automation-768x512.jpg 768w, https:\/\/jeco-energies.com\/wp-content\/uploads\/2025\/04\/Automation-1536x1024.jpg 1536w, https:\/\/jeco-energies.com\/wp-content\/uploads\/2025\/04\/Automation-2048x1365.jpg 2048w\" sizes=\"(max-width: 1024px) 100vw, 1024px\" \/><\/div>\n\t\t<\/a>\n\t\t\t\t<div class=\"elementor-post__text\">\n\t\t\t\t<h3 class=\"elementor-post__title\">\n\t\t\t<a href=\"https:\/\/jeco-energies.com\/es\/jeco-energies-y-dymotec\/\" >\n\t\t\t\tJeco Energies y Dymotec\t\t\t<\/a>\n\t\t<\/h3>\n\t\t\t\t<div class=\"elementor-post__excerpt\">\n\t\t\t<p>Jeco Energies, l\u00edder del mercado de soluciones de emergencia para instalaciones de alta tensi\u00f3n y servicios t\u00e9cnicos para instalaciones el\u00e9ctricas\t\t<\/div>\n\t\t\t\t<\/div>\n\t\t\t\t<\/article>\n\t\t\t\t<article class=\"elementor-post elementor-grid-item post-3781 post type-post status-publish format-standard has-post-thumbnail hentry category-sin-categoria\" role=\"listitem\">\n\t\t\t\t<a class=\"elementor-post__thumbnail__link\" href=\"https:\/\/jeco-energies.com\/es\/jeco-energies-el-pionero-mas-joven-en-soluciones-energeticas\/\" tabindex=\"-1\" >\n\t\t\t<div class=\"elementor-post__thumbnail\"><img loading=\"lazy\" decoding=\"async\" width=\"1024\" height=\"678\" src=\"https:\/\/jeco-energies.com\/wp-content\/uploads\/2025\/04\/Pionier-1024x678.jpg\" class=\"attachment-large size-large wp-image-3839\" alt=\"\" srcset=\"https:\/\/jeco-energies.com\/wp-content\/uploads\/2025\/04\/Pionier-1024x678.jpg 1024w, https:\/\/jeco-energies.com\/wp-content\/uploads\/2025\/04\/Pionier-300x199.jpg 300w, https:\/\/jeco-energies.com\/wp-content\/uploads\/2025\/04\/Pionier-768x508.jpg 768w, https:\/\/jeco-energies.com\/wp-content\/uploads\/2025\/04\/Pionier-1536x1017.jpg 1536w, https:\/\/jeco-energies.com\/wp-content\/uploads\/2025\/04\/Pionier-2048x1355.jpg 2048w\" sizes=\"(max-width: 1024px) 100vw, 1024px\" \/><\/div>\n\t\t<\/a>\n\t\t\t\t<div class=\"elementor-post__text\">\n\t\t\t\t<h3 class=\"elementor-post__title\">\n\t\t\t<a href=\"https:\/\/jeco-energies.com\/es\/jeco-energies-el-pionero-mas-joven-en-soluciones-energeticas\/\" >\n\t\t\t\tJeco Energies, el pionero m\u00e1s joven en soluciones energ\u00e9ticas\t\t\t<\/a>\n\t\t<\/h3>\n\t\t\t\t<div class=\"elementor-post__excerpt\">\n\t\t\t<p>Desde hace muchos a\u00f1os, DSG B\u00e9lgica, DSG Pa\u00edses Bajos y su empresa derivada independiente GENS Rental ofrecen un servicio sin\t\t<\/div>\n\t\t\t\t<\/div>\n\t\t\t\t<\/article>\n\t\t\t\t<\/div>\n\t\t\n\t\t\t\t\t\t<\/div>\n\t\t\t\t<\/div>\n\t\t\t\t\t<\/div>\n\t\t\t\t<\/div>\n\t\t\t\t<\/div>\n\t\t","protected":false},"excerpt":{"rendered":"<p>Noticias Permanece atento a nuestras \u00faltimas novedades.<\/p>\n","protected":false},"author":1,"featured_media":0,"parent":0,"menu_order":0,"comment_status":"closed","ping_status":"closed","template":"elementor_header_footer","meta":{"_acf_changed":false,"content-type":"","footnotes":""},"class_list":["post-3324","page","type-page","status-publish","hentry"],"acf":[],"yoast_head":"<!-- This site is optimized with the Yoast SEO plugin v27.2 - https:\/\/yoast.com\/product\/yoast-seo-wordpress\/ -->\n<title>Jeco Energies<\/title>\n<meta name=\"description\" content=\"Descubre aqu\u00ed las \u00faltimas noticias sobre nuestros proyectos, nuevos servicios y soluciones inteligentes para el suministro temporal de energ\u00eda.\" \/>\n<meta name=\"robots\" content=\"index, follow, max-snippet:-1, max-image-preview:large, max-video-preview:-1\" \/>\n<link rel=\"canonical\" href=\"https:\/\/jeco-energies.com\/es\/noticias\/\" \/>\n<meta property=\"og:locale\" content=\"es_ES\" \/>\n<meta property=\"og:type\" content=\"article\" \/>\n<meta property=\"og:description\" content=\"Descubre aqu\u00ed las \u00faltimas noticias sobre nuestros proyectos, nuevos servicios y soluciones inteligentes para el suministro temporal de energ\u00eda.\" \/>\n<meta property=\"og:url\" content=\"https:\/\/jeco-energies.com\/es\/noticias\/\" \/>\n<meta property=\"og:site_name\" content=\"Jeco Energies\" \/>\n<meta property=\"article:modified_time\" content=\"2025-11-26T12:09:48+00:00\" \/>\n<meta property=\"og:image\" content=\"https:\/\/jeco-energies.com\/wp-content\/uploads\/2025\/05\/Featured-Global.jpg\" \/>\n\t<meta property=\"og:image:width\" content=\"1200\" \/>\n\t<meta property=\"og:image:height\" content=\"630\" \/>\n\t<meta property=\"og:image:type\" content=\"image\/jpeg\" \/>\n<meta name=\"twitter:card\" content=\"summary_large_image\" \/>\n<script type=\"application\/ld+json\" class=\"yoast-schema-graph\">{\"@context\":\"https:\/\/schema.org\",\"@graph\":[{\"@type\":\"WebPage\",\"@id\":\"https:\/\/jeco-energies.com\/es\/noticias\/\",\"url\":\"https:\/\/jeco-energies.com\/es\/noticias\/\",\"name\":\"\",\"isPartOf\":{\"@id\":\"https:\/\/jeco-energies.com\/es\/#website\"},\"datePublished\":\"2025-04-18T06:37:11+00:00\",\"dateModified\":\"2025-11-26T12:09:48+00:00\",\"description\":\"Descubre aqu\u00ed las \u00faltimas noticias sobre nuestros proyectos, nuevos servicios y soluciones inteligentes para el suministro temporal de energ\u00eda.\",\"breadcrumb\":{\"@id\":\"https:\/\/jeco-energies.com\/es\/noticias\/#breadcrumb\"},\"inLanguage\":\"es\",\"potentialAction\":[{\"@type\":\"ReadAction\",\"target\":[\"https:\/\/jeco-energies.com\/es\/noticias\/\"]}]},{\"@type\":\"BreadcrumbList\",\"@id\":\"https:\/\/jeco-energies.com\/es\/noticias\/#breadcrumb\",\"itemListElement\":[{\"@type\":\"ListItem\",\"position\":1,\"name\":\"Home\",\"item\":\"https:\/\/jeco-energies.com\/es\/\"},{\"@type\":\"ListItem\",\"position\":2,\"name\":\"Noticias\"}]},{\"@type\":\"WebSite\",\"@id\":\"https:\/\/jeco-energies.com\/es\/#website\",\"url\":\"https:\/\/jeco-energies.com\/es\/\",\"name\":\"Jeco Energies\",\"description\":\"When Power Becomes Smart\",\"publisher\":{\"@id\":\"https:\/\/jeco-energies.com\/es\/#organization\"},\"potentialAction\":[{\"@type\":\"SearchAction\",\"target\":{\"@type\":\"EntryPoint\",\"urlTemplate\":\"https:\/\/jeco-energies.com\/es\/?s={search_term_string}\"},\"query-input\":{\"@type\":\"PropertyValueSpecification\",\"valueRequired\":true,\"valueName\":\"search_term_string\"}}],\"inLanguage\":\"es\"},{\"@type\":\"Organization\",\"@id\":\"https:\/\/jeco-energies.com\/es\/#organization\",\"name\":\"Jeco Energies\",\"alternateName\":\"Jeco\",\"url\":\"https:\/\/jeco-energies.com\/es\/\",\"logo\":{\"@type\":\"ImageObject\",\"inLanguage\":\"es\",\"@id\":\"https:\/\/jeco-energies.com\/es\/#\/schema\/logo\/image\/\",\"url\":\"https:\/\/jeco-energies.com\/wp-content\/uploads\/2024\/04\/Logo_Jeco_Web.png\",\"contentUrl\":\"https:\/\/jeco-energies.com\/wp-content\/uploads\/2024\/04\/Logo_Jeco_Web.png\",\"width\":339,\"height\":136,\"caption\":\"Jeco Energies\"},\"image\":{\"@id\":\"https:\/\/jeco-energies.com\/es\/#\/schema\/logo\/image\/\"}}]}<\/script>\n<!-- \/ Yoast SEO plugin. -->","yoast_head_json":{"title":"Jeco Energies","description":"Descubre aqu\u00ed las \u00faltimas noticias sobre nuestros proyectos, nuevos servicios y soluciones inteligentes para el suministro temporal de energ\u00eda.","robots":{"index":"index","follow":"follow","max-snippet":"max-snippet:-1","max-image-preview":"max-image-preview:large","max-video-preview":"max-video-preview:-1"},"canonical":"https:\/\/jeco-energies.com\/es\/noticias\/","og_locale":"es_ES","og_type":"article","og_description":"Descubre aqu\u00ed las \u00faltimas noticias sobre nuestros proyectos, nuevos servicios y soluciones inteligentes para el suministro temporal de energ\u00eda.","og_url":"https:\/\/jeco-energies.com\/es\/noticias\/","og_site_name":"Jeco Energies","article_modified_time":"2025-11-26T12:09:48+00:00","og_image":[{"width":1200,"height":630,"url":"https:\/\/jeco-energies.com\/wp-content\/uploads\/2025\/05\/Featured-Global.jpg","type":"image\/jpeg"}],"twitter_card":"summary_large_image","schema":{"@context":"https:\/\/schema.org","@graph":[{"@type":"WebPage","@id":"https:\/\/jeco-energies.com\/es\/noticias\/","url":"https:\/\/jeco-energies.com\/es\/noticias\/","name":"","isPartOf":{"@id":"https:\/\/jeco-energies.com\/es\/#website"},"datePublished":"2025-04-18T06:37:11+00:00","dateModified":"2025-11-26T12:09:48+00:00","description":"Descubre aqu\u00ed las \u00faltimas noticias sobre nuestros proyectos, nuevos servicios y soluciones inteligentes para el suministro temporal de energ\u00eda.","breadcrumb":{"@id":"https:\/\/jeco-energies.com\/es\/noticias\/#breadcrumb"},"inLanguage":"es","potentialAction":[{"@type":"ReadAction","target":["https:\/\/jeco-energies.com\/es\/noticias\/"]}]},{"@type":"BreadcrumbList","@id":"https:\/\/jeco-energies.com\/es\/noticias\/#breadcrumb","itemListElement":[{"@type":"ListItem","position":1,"name":"Home","item":"https:\/\/jeco-energies.com\/es\/"},{"@type":"ListItem","position":2,"name":"Noticias"}]},{"@type":"WebSite","@id":"https:\/\/jeco-energies.com\/es\/#website","url":"https:\/\/jeco-energies.com\/es\/","name":"Jeco Energies","description":"When Power Becomes Smart","publisher":{"@id":"https:\/\/jeco-energies.com\/es\/#organization"},"potentialAction":[{"@type":"SearchAction","target":{"@type":"EntryPoint","urlTemplate":"https:\/\/jeco-energies.com\/es\/?s={search_term_string}"},"query-input":{"@type":"PropertyValueSpecification","valueRequired":true,"valueName":"search_term_string"}}],"inLanguage":"es"},{"@type":"Organization","@id":"https:\/\/jeco-energies.com\/es\/#organization","name":"Jeco Energies","alternateName":"Jeco","url":"https:\/\/jeco-energies.com\/es\/","logo":{"@type":"ImageObject","inLanguage":"es","@id":"https:\/\/jeco-energies.com\/es\/#\/schema\/logo\/image\/","url":"https:\/\/jeco-energies.com\/wp-content\/uploads\/2024\/04\/Logo_Jeco_Web.png","contentUrl":"https:\/\/jeco-energies.com\/wp-content\/uploads\/2024\/04\/Logo_Jeco_Web.png","width":339,"height":136,"caption":"Jeco Energies"},"image":{"@id":"https:\/\/jeco-energies.com\/es\/#\/schema\/logo\/image\/"}}]}},"_links":{"self":[{"href":"https:\/\/jeco-energies.com\/es\/wp-json\/wp\/v2\/pages\/3324","targetHints":{"allow":["GET"]}}],"collection":[{"href":"https:\/\/jeco-energies.com\/es\/wp-json\/wp\/v2\/pages"}],"about":[{"href":"https:\/\/jeco-energies.com\/es\/wp-json\/wp\/v2\/types\/page"}],"author":[{"embeddable":true,"href":"https:\/\/jeco-energies.com\/es\/wp-json\/wp\/v2\/users\/1"}],"replies":[{"embeddable":true,"href":"https:\/\/jeco-energies.com\/es\/wp-json\/wp\/v2\/comments?post=3324"}],"version-history":[{"count":0,"href":"https:\/\/jeco-energies.com\/es\/wp-json\/wp\/v2\/pages\/3324\/revisions"}],"wp:attachment":[{"href":"https:\/\/jeco-energies.com\/es\/wp-json\/wp\/v2\/media?parent=3324"}],"curies":[{"name":"wp","href":"https:\/\/api.w.org\/{rel}","templated":true}]}}