{"id":3322,"date":"2025-04-28T06:59:06","date_gmt":"2025-04-28T06:59:06","guid":{"rendered":"https:\/\/jeco-energies.com\/pagina-de-descargas-de-shore-power\/"},"modified":"2025-10-21T14:23:44","modified_gmt":"2025-10-21T14:23:44","slug":"pagina-de-descargas-de-shore-power","status":"publish","type":"page","link":"https:\/\/jeco-energies.com\/es\/toma-de-corriente\/pagina-de-descargas-de-shore-power\/","title":{"rendered":"P\u00e1gina de descargas de Shore Power"},"content":{"rendered":"\t\t<div data-elementor-type=\"wp-page\" data-elementor-id=\"3322\" class=\"elementor elementor-3322 elementor-2133\" data-elementor-post-type=\"page\">\n\t\t\t\t<div class=\"elementor-element elementor-element-980cd96 e-flex e-con-boxed e-con e-parent\" data-id=\"980cd96\" data-element_type=\"container\" data-e-type=\"container\" data-settings=\"{&quot;background_background&quot;:&quot;classic&quot;}\">\n\t\t\t\t\t<div class=\"e-con-inner\">\n\t\t<div class=\"elementor-element elementor-element-0447395 e-con-full e-flex e-con e-child\" data-id=\"0447395\" data-element_type=\"container\" data-e-type=\"container\">\n\t\t\t\t<div class=\"elementor-element elementor-element-a3ba98a elementor-widget elementor-widget-heading\" data-id=\"a3ba98a\" data-element_type=\"widget\" data-e-type=\"widget\" data-widget_type=\"heading.default\">\n\t\t\t\t<div class=\"elementor-widget-container\">\n\t\t\t\t\t<h2 class=\"elementor-heading-title elementor-size-default\">Descargar el libro blanco<\/h2>\t\t\t\t<\/div>\n\t\t\t\t<\/div>\n\t\t\t\t<div class=\"elementor-element elementor-element-240ca1c elementor-widget elementor-widget-text-editor\" data-id=\"240ca1c\" data-element_type=\"widget\" data-e-type=\"widget\" data-widget_type=\"text-editor.default\">\n\t\t\t\t<div class=\"elementor-widget-container\">\n\t\t\t\t\t\t\t\t\t<p>Deja tus datos y recibe inmediatamente nuestro libro blanco lleno de valiosas ideas. S\u00f3lo te enviaremos informaci\u00f3n relevante y podr\u00e1s darte de baja f\u00e1cilmente en cualquier momento. <\/p>\t\t\t\t\t\t\t\t<\/div>\n\t\t\t\t<\/div>\n\t\t<div class=\"elementor-element elementor-element-c3774bb e-con-full e-flex e-con e-child\" data-id=\"c3774bb\" data-element_type=\"container\" data-e-type=\"container\" data-settings=\"{&quot;background_background&quot;:&quot;classic&quot;}\">\n\t\t\t\t<div class=\"elementor-element elementor-element-faee0e3 elementor-widget elementor-widget-html\" data-id=\"faee0e3\" data-element_type=\"widget\" data-e-type=\"widget\" data-widget_type=\"html.default\">\n\t\t\t\t<div class=\"elementor-widget-container\">\n\t\t\t\t\t<script charset=\"utf-8\" type=\"text\/javascript\" src=\"\/\/js-eu1.hsforms.net\/forms\/embed\/v2.js\"><\/script><script>hbspt.forms.create({\n    portalId: \"145793492\",\n    formId: \"b906083c-bbb1-417e-9108-02db57c0db0d\",\n    region: \"eu1\"\n  });\n<\/script>\t\t\t\t<\/div>\n\t\t\t\t<\/div>\n\t\t\t\t<\/div>\n\t\t\t\t<\/div>\n\t\t\t\t\t<\/div>\n\t\t\t\t<\/div>\n\t\t\t\t<\/div>\n\t\t","protected":false},"excerpt":{"rendered":"<p>Descargar el libro blanco Deja tus datos y recibe inmediatamente nuestro libro blanco lleno de valiosas ideas. S\u00f3lo te enviaremos informaci\u00f3n relevante y podr\u00e1s darte de baja f\u00e1cilmente en cualquier momento.<\/p>\n","protected":false},"author":1,"featured_media":0,"parent":3327,"menu_order":0,"comment_status":"closed","ping_status":"closed","template":"elementor_header_footer","meta":{"_acf_changed":false,"content-type":"","footnotes":""},"class_list":["post-3322","page","type-page","status-publish","hentry"],"acf":[],"yoast_head":"<!-- This site is optimized with the Yoast SEO plugin v27.2 - https:\/\/yoast.com\/product\/yoast-seo-wordpress\/ -->\n<title>P\u00e1gina de descargas de Shore Power &#8211; Jeco Energies<\/title>\n<meta name=\"robots\" content=\"noindex, nofollow\" \/>\n<meta property=\"og:locale\" content=\"es_ES\" \/>\n<meta property=\"og:type\" content=\"article\" \/>\n<meta property=\"og:title\" content=\"P\u00e1gina de descargas de Shore Power &#8211; Jeco Energies\" \/>\n<meta property=\"og:description\" content=\"Descargar el libro blanco Deja tus datos y recibe inmediatamente nuestro libro blanco lleno de valiosas ideas. S\u00f3lo te enviaremos informaci\u00f3n relevante y podr\u00e1s darte de baja f\u00e1cilmente en cualquier momento.\" \/>\n<meta property=\"og:url\" content=\"https:\/\/jeco-energies.com\/es\/toma-de-corriente\/pagina-de-descargas-de-shore-power\/\" \/>\n<meta property=\"og:site_name\" content=\"Jeco Energies\" \/>\n<meta property=\"article:modified_time\" content=\"2025-10-21T14:23:44+00:00\" \/>\n<meta property=\"og:image\" content=\"https:\/\/jeco-energies.com\/wp-content\/uploads\/2025\/05\/Featured-Global.jpg\" \/>\n\t<meta property=\"og:image:width\" content=\"1200\" \/>\n\t<meta property=\"og:image:height\" content=\"630\" \/>\n\t<meta property=\"og:image:type\" content=\"image\/jpeg\" \/>\n<meta name=\"twitter:card\" content=\"summary_large_image\" \/>\n<script type=\"application\/ld+json\" class=\"yoast-schema-graph\">{\"@context\":\"https:\/\/schema.org\",\"@graph\":[{\"@type\":\"WebPage\",\"@id\":\"https:\/\/jeco-energies.com\/es\/toma-de-corriente\/pagina-de-descargas-de-shore-power\/\",\"url\":\"https:\/\/jeco-energies.com\/es\/toma-de-corriente\/pagina-de-descargas-de-shore-power\/\",\"name\":\"P\u00e1gina de descargas de Shore Power &#8211; Jeco Energies\",\"isPartOf\":{\"@id\":\"https:\/\/jeco-energies.com\/es\/#website\"},\"datePublished\":\"2025-04-28T06:59:06+00:00\",\"dateModified\":\"2025-10-21T14:23:44+00:00\",\"breadcrumb\":{\"@id\":\"https:\/\/jeco-energies.com\/es\/toma-de-corriente\/pagina-de-descargas-de-shore-power\/#breadcrumb\"},\"inLanguage\":\"es\",\"potentialAction\":[{\"@type\":\"ReadAction\",\"target\":[\"https:\/\/jeco-energies.com\/es\/toma-de-corriente\/pagina-de-descargas-de-shore-power\/\"]}]},{\"@type\":\"BreadcrumbList\",\"@id\":\"https:\/\/jeco-energies.com\/es\/toma-de-corriente\/pagina-de-descargas-de-shore-power\/#breadcrumb\",\"itemListElement\":[{\"@type\":\"ListItem\",\"position\":1,\"name\":\"Home\",\"item\":\"https:\/\/jeco-energies.com\/es\/\"},{\"@type\":\"ListItem\",\"position\":2,\"name\":\"Toma de corriente\",\"item\":\"https:\/\/jeco-energies.com\/es\/shorepower\/\"},{\"@type\":\"ListItem\",\"position\":3,\"name\":\"P\u00e1gina de descargas de Shore Power\"}]},{\"@type\":\"WebSite\",\"@id\":\"https:\/\/jeco-energies.com\/es\/#website\",\"url\":\"https:\/\/jeco-energies.com\/es\/\",\"name\":\"Jeco Energies\",\"description\":\"When Power Becomes Smart\",\"publisher\":{\"@id\":\"https:\/\/jeco-energies.com\/es\/#organization\"},\"potentialAction\":[{\"@type\":\"SearchAction\",\"target\":{\"@type\":\"EntryPoint\",\"urlTemplate\":\"https:\/\/jeco-energies.com\/es\/?s={search_term_string}\"},\"query-input\":{\"@type\":\"PropertyValueSpecification\",\"valueRequired\":true,\"valueName\":\"search_term_string\"}}],\"inLanguage\":\"es\"},{\"@type\":\"Organization\",\"@id\":\"https:\/\/jeco-energies.com\/es\/#organization\",\"name\":\"Jeco Energies\",\"alternateName\":\"Jeco\",\"url\":\"https:\/\/jeco-energies.com\/es\/\",\"logo\":{\"@type\":\"ImageObject\",\"inLanguage\":\"es\",\"@id\":\"https:\/\/jeco-energies.com\/es\/#\/schema\/logo\/image\/\",\"url\":\"https:\/\/jeco-energies.com\/wp-content\/uploads\/2024\/04\/Logo_Jeco_Web.png\",\"contentUrl\":\"https:\/\/jeco-energies.com\/wp-content\/uploads\/2024\/04\/Logo_Jeco_Web.png\",\"width\":339,\"height\":136,\"caption\":\"Jeco Energies\"},\"image\":{\"@id\":\"https:\/\/jeco-energies.com\/es\/#\/schema\/logo\/image\/\"}}]}<\/script>\n<!-- \/ Yoast SEO plugin. -->","yoast_head_json":{"title":"P\u00e1gina de descargas de Shore Power &#8211; Jeco Energies","robots":{"index":"noindex","follow":"nofollow"},"og_locale":"es_ES","og_type":"article","og_title":"P\u00e1gina de descargas de Shore Power &#8211; Jeco Energies","og_description":"Descargar el libro blanco Deja tus datos y recibe inmediatamente nuestro libro blanco lleno de valiosas ideas. S\u00f3lo te enviaremos informaci\u00f3n relevante y podr\u00e1s darte de baja f\u00e1cilmente en cualquier momento.","og_url":"https:\/\/jeco-energies.com\/es\/toma-de-corriente\/pagina-de-descargas-de-shore-power\/","og_site_name":"Jeco Energies","article_modified_time":"2025-10-21T14:23:44+00:00","og_image":[{"width":1200,"height":630,"url":"https:\/\/jeco-energies.com\/wp-content\/uploads\/2025\/05\/Featured-Global.jpg","type":"image\/jpeg"}],"twitter_card":"summary_large_image","schema":{"@context":"https:\/\/schema.org","@graph":[{"@type":"WebPage","@id":"https:\/\/jeco-energies.com\/es\/toma-de-corriente\/pagina-de-descargas-de-shore-power\/","url":"https:\/\/jeco-energies.com\/es\/toma-de-corriente\/pagina-de-descargas-de-shore-power\/","name":"P\u00e1gina de descargas de Shore Power &#8211; Jeco Energies","isPartOf":{"@id":"https:\/\/jeco-energies.com\/es\/#website"},"datePublished":"2025-04-28T06:59:06+00:00","dateModified":"2025-10-21T14:23:44+00:00","breadcrumb":{"@id":"https:\/\/jeco-energies.com\/es\/toma-de-corriente\/pagina-de-descargas-de-shore-power\/#breadcrumb"},"inLanguage":"es","potentialAction":[{"@type":"ReadAction","target":["https:\/\/jeco-energies.com\/es\/toma-de-corriente\/pagina-de-descargas-de-shore-power\/"]}]},{"@type":"BreadcrumbList","@id":"https:\/\/jeco-energies.com\/es\/toma-de-corriente\/pagina-de-descargas-de-shore-power\/#breadcrumb","itemListElement":[{"@type":"ListItem","position":1,"name":"Home","item":"https:\/\/jeco-energies.com\/es\/"},{"@type":"ListItem","position":2,"name":"Toma de corriente","item":"https:\/\/jeco-energies.com\/es\/shorepower\/"},{"@type":"ListItem","position":3,"name":"P\u00e1gina de descargas de Shore Power"}]},{"@type":"WebSite","@id":"https:\/\/jeco-energies.com\/es\/#website","url":"https:\/\/jeco-energies.com\/es\/","name":"Jeco Energies","description":"When Power Becomes Smart","publisher":{"@id":"https:\/\/jeco-energies.com\/es\/#organization"},"potentialAction":[{"@type":"SearchAction","target":{"@type":"EntryPoint","urlTemplate":"https:\/\/jeco-energies.com\/es\/?s={search_term_string}"},"query-input":{"@type":"PropertyValueSpecification","valueRequired":true,"valueName":"search_term_string"}}],"inLanguage":"es"},{"@type":"Organization","@id":"https:\/\/jeco-energies.com\/es\/#organization","name":"Jeco Energies","alternateName":"Jeco","url":"https:\/\/jeco-energies.com\/es\/","logo":{"@type":"ImageObject","inLanguage":"es","@id":"https:\/\/jeco-energies.com\/es\/#\/schema\/logo\/image\/","url":"https:\/\/jeco-energies.com\/wp-content\/uploads\/2024\/04\/Logo_Jeco_Web.png","contentUrl":"https:\/\/jeco-energies.com\/wp-content\/uploads\/2024\/04\/Logo_Jeco_Web.png","width":339,"height":136,"caption":"Jeco Energies"},"image":{"@id":"https:\/\/jeco-energies.com\/es\/#\/schema\/logo\/image\/"}}]}},"_links":{"self":[{"href":"https:\/\/jeco-energies.com\/es\/wp-json\/wp\/v2\/pages\/3322","targetHints":{"allow":["GET"]}}],"collection":[{"href":"https:\/\/jeco-energies.com\/es\/wp-json\/wp\/v2\/pages"}],"about":[{"href":"https:\/\/jeco-energies.com\/es\/wp-json\/wp\/v2\/types\/page"}],"author":[{"embeddable":true,"href":"https:\/\/jeco-energies.com\/es\/wp-json\/wp\/v2\/users\/1"}],"replies":[{"embeddable":true,"href":"https:\/\/jeco-energies.com\/es\/wp-json\/wp\/v2\/comments?post=3322"}],"version-history":[{"count":0,"href":"https:\/\/jeco-energies.com\/es\/wp-json\/wp\/v2\/pages\/3322\/revisions"}],"up":[{"embeddable":true,"href":"https:\/\/jeco-energies.com\/es\/wp-json\/wp\/v2\/pages\/3327"}],"wp:attachment":[{"href":"https:\/\/jeco-energies.com\/es\/wp-json\/wp\/v2\/media?parent=3322"}],"curies":[{"name":"wp","href":"https:\/\/api.w.org\/{rel}","templated":true}]}}